
{"id":10305,"date":"2017-09-07T13:05:02","date_gmt":"2017-09-07T13:05:02","guid":{"rendered":"http:\/\/montrealblackfilm.mysites.io\/?page_id=10305\/"},"modified":"2019-08-29T12:33:29","modified_gmt":"2019-08-29T16:33:29","slug":"2017-guide-du-festival","status":"publish","type":"page","link":"https:\/\/montrealblackfilm.com\/en\/2017-guide-du-festival\/","title":{"rendered":"2019 Guide du festival"},"content":{"rendered":"<p>[et_pb_section bb_built=&#8221;1&#8243;][et_pb_row][et_pb_column type=&#8221;4_4&#8243;][et_pb_text _builder_version=&#8221;3.0.72&#8243; background_layout=&#8221;light&#8221; text_orientation=&#8221;left&#8221; border_style=&#8221;solid&#8221;]<\/p>\n<p><strong>INFO FESTIVAL<\/strong><br \/>\n<strong><a href=\"https:\/\/montrealblackfilm.com\/fr\/guide-du-festival\/montrealblackfilm.com\" target=\"_blank\" rel=\"noopener\">www.montrealblackfilm.com<\/a><\/strong><br \/>\n<strong>514-882-3334<\/strong><\/p>\n<p>[\/et_pb_text][et_pb_toggle admin_label=&#8221;ACTIVITIES&#8221; _builder_version=&#8221;3.14&#8243; title=&#8221;ACTIVITIES&#8221;]<\/p>\n<p lang=\"\"><span style=\"font-size: small;\"><strong>23 Sept. Movie Talk with <a href=\"https:\/\/montrealblackfilm.com\/en\/event\/a-coeur-ouvert-avec-euzhan-palcy-2\/\">Euzhan Palcy<\/a><\/strong> &#8211; Cin\u00e9math\u00e8que <\/span><\/p>\n<p><span style=\"font-size: small;\"><span lang=\"\"><strong>24 Sept. Opening Ceremony : <a href=\"https:\/\/montrealblackfilm.com\/en\/event\/opening-night-harriet-tributes-2\/\">Harriet + Tributes<\/a>\u00a0<\/strong>\u2013 Cin\u00e9ma Imp\u00e9rial<\/span><\/span><\/p>\n<p><span style=\"font-size: small;\"><span lang=\"\"><strong>25 Sept. Being Black <a href=\"https:\/\/montrealblackfilm.com\/en\/event\/etre-noir-e-a-montreal-2\/\">in Canada\u00a0<\/a><\/strong>\u2013 Cin\u00e9ma du Parc<\/span><\/span><\/p>\n<p><span style=\"font-size: small;\"><strong><span lang=\"\">26 <\/span><\/strong><\/span><span style=\"font-size: small;\"><strong>Sept. Discussion, an intimate evening with <a href=\"https:\/\/montrealblackfilm.com\/en\/event\/a-coeur-ouvert-avec-yusef-salaam-kevin-richardson-2\/\">Central Park Five<\/a><\/strong> &#8211; Cin\u00e9ma Imp\u00e9rial<\/span><\/p>\n<p><span style=\"font-size: small;\"><strong><span lang=\"\">27 <\/span><\/strong><\/span><span style=\"font-size: small;\"><strong>Sept. From Ha\u00efti to Hollywood with <a href=\"https:\/\/montrealblackfilm.com\/en\/event\/jimmy-jean-louis-dhaiti-a-hollywood-2\/\">Jimmy Jean-Louis<\/a><\/strong> &#8211; Cin\u00e9ma du Mus\u00e9e<\/span><\/p>\n<p><span style=\"font-size: small;\"><strong><span lang=\"\">28 <\/span><\/strong><\/span><span style=\"font-size: small;\"><strong>Sept. Discussion, an intimate evening with <a href=\"https:\/\/montrealblackfilm.com\/en\/event\/causerie-toute-une-soiree-avec-isaac-de-bankole-2\/\">Isaach de Bankol\u00e9<\/a><\/strong> &#8211; Cin\u00e9ma Imp\u00e9rial<\/span><\/p>\n<p><strong><span style=\"font-size: small;\"><span lang=\"\">27 \u2013 30 Sept. <\/span><\/span><span style=\"font-size: small;\">MIBFF <\/span><\/strong><span style=\"font-size: small;\"><span lang=\"\"><a href=\"https:\/\/montrealblackfilm.com\/en\/serie\/mibff-black-market-2019\/\"><strong>Black Market<\/strong><\/a> \u2013 <\/span><\/span><span style=\"font-size: small;\"> Cin\u00e9ma du Mus\u00e9e, Grand Biblioth\u00e8que<\/span><\/p>\n<p><strong><span style=\"font-size: small;\">28 Se<\/span><span style=\"font-size: small;\"><span lang=\"\">pt. MIBFF\u00a0<\/span><\/span><span style=\"font-size: small;\"><a href=\"https:\/\/montrealblackfilm.com\/en\/serie\/programme-jeunesse-du-fifbm-2019\/\">Kids <\/a><\/span><\/strong><span style=\"font-size: small;\"><span lang=\"\"><strong>Program<\/strong> \u2013 Cin\u00e9ma du Parc<\/span><\/span><\/p>\n<p><span style=\"font-size: small;\"><span lang=\"\"><strong>29 sept. Closing ceremony: <a href=\"https:\/\/montrealblackfilm.com\/en\/event\/soiree-de-cloture-ellen-the-ellen-pakkies-story-2\/\">Ellen, The Ellen Pakkies Story<\/a><\/strong> \u2013 Cin\u00e9ma du Mus\u00e9e<\/span><\/span><\/p>\n<p>[\/et_pb_toggle][et_pb_toggle admin_label=&#8221;RATES&#8221; _builder_version=&#8221;3.14&#8243; title=&#8221;RATES&#8221;]<\/p>\n<p>Passport cards, tickets for film screenings and special events available at:\u00a0<a href=\"https:\/\/montrealblackfilm.com\/en\/tickets\/buy-tickets-and-passes\/\"><strong>Click here<\/strong><\/a><\/p>\n<p>[\/et_pb_toggle][et_pb_toggle admin_label=&#8221;BOX-OFFICE&#8221; _builder_version=&#8221;3.14&#8243; title=&#8221;BOX-OFFICE&#8221;]<\/p>\n<p>Buy your tickets and passes by\u00a0<a href=\"\/en\/tickets\/buy-tickets-and-passes\/\">clicking here<\/a><br \/>\n(24\/7)<br \/>\nwww.montrealblackfilm.com<br \/>\n514-882-3334<\/p>\n<p><strong>In person \u2013 DURING the Festival<\/strong>\u00a0(Regular screenings + Special events)<br \/>\nIf you cannot buy tickets online, you may be able to do so at the cinema where the required program is taking place,<\/p>\n<p><strong>DURING the Festival<\/strong>, the day of your desired program. We strongly recommend that you arrive 30 min before each screening (in which case, no seating is guarantied as places are on a first come, first serve basis)<\/p>\n<p>[\/et_pb_toggle][et_pb_toggle admin_label=&#8221;VENUES&#8221; _builder_version=&#8221;3.14&#8243; title=&#8221;VENUES&#8221;]<\/p>\n<p><strong>Cin\u00e9ma Imp\u00e9rial<\/strong><br \/>\n1432, rue de Bleury, Montr\u00e9al (M\u00e9tro Place des Arts)<br \/>\n514-882-3334<\/p>\n<p><strong>Cin\u00e9ma du Parc<\/strong><br \/>\n3575 avenue du Parc<br \/>\n514-281-1900<\/p>\n<p><strong>Cin\u00e9math\u00e8que Qu\u00e9becoise\u00a0<\/strong><br \/>\n335 Boulevard de Maisonneuve Est (M\u00e9tro Berri UQAM)<\/p>\n<p><strong>Cin\u00e9ma du Mus\u00e9e<\/strong><br \/>\n1379-A Sherbrooke St W, Montreal<br \/>\n(M\u00e9tro Peel ou Guy-Concordia)<\/p>\n<p><strong>Grande Biblioth\u00e8que<\/strong><br \/>\n475 Boul. de Maisonneuve E, Montr\u00e9al<br \/>\n(M\u00e9tro Berri-UQAM)<\/p>\n<p><strong>Cin\u00e9mas Guzzo<\/strong><br \/>\nDivers lieux \/ several locations<br \/>\nDetails: www.MontrealBlackFilm.com<\/p>\n<p>[\/et_pb_toggle][\/et_pb_column][\/et_pb_row][\/et_pb_section]<\/p>\n","protected":false},"excerpt":{"rendered":"<p><div class=\"et_pb_row et_pb_row_0 et_pb_row_empty\">\n\t\t\t\t\n\t\t\t\t\n\t\t\t\t\n\t\t\t\t\n\t\t\t\t\n\t\t\t<\/div> INFO FESTIVAL www.montrealblackfilm.com 514-882-3334 23 Sept. Movie Talk with Euzhan Palcy &#8211; Cin\u00e9math\u00e8que 24 Sept. Opening Ceremony : Harriet + Tributes\u00a0\u2013 Cin\u00e9ma Imp\u00e9rial 25 Sept. Being Black in Canada\u00a0\u2013 Cin\u00e9ma du Parc 26 Sept. Discussion, an intimate evening with Central Park Five &#8211; Cin\u00e9ma Imp\u00e9rial 27 Sept. From Ha\u00efti to Hollywood with Jimmy Jean-Louis [&hellip;]<\/p>\n","protected":false},"author":5,"featured_media":0,"parent":0,"menu_order":0,"comment_status":"closed","ping_status":"closed","template":"template-withsidebar.php","meta":{"_et_pb_use_builder":"on","_et_pb_old_content":"","_et_gb_content_width":"","footnotes":""},"class_list":["post-10305","page","type-page","status-publish","hentry"],"_links":{"self":[{"href":"https:\/\/montrealblackfilm.com\/en\/wp-json\/wp\/v2\/pages\/10305","targetHints":{"allow":["GET"]}}],"collection":[{"href":"https:\/\/montrealblackfilm.com\/en\/wp-json\/wp\/v2\/pages"}],"about":[{"href":"https:\/\/montrealblackfilm.com\/en\/wp-json\/wp\/v2\/types\/page"}],"author":[{"embeddable":true,"href":"https:\/\/montrealblackfilm.com\/en\/wp-json\/wp\/v2\/users\/5"}],"replies":[{"embeddable":true,"href":"https:\/\/montrealblackfilm.com\/en\/wp-json\/wp\/v2\/comments?post=10305"}],"version-history":[{"count":0,"href":"https:\/\/montrealblackfilm.com\/en\/wp-json\/wp\/v2\/pages\/10305\/revisions"}],"wp:attachment":[{"href":"https:\/\/montrealblackfilm.com\/en\/wp-json\/wp\/v2\/media?parent=10305"}],"curies":[{"name":"wp","href":"https:\/\/api.w.org\/{rel}","templated":true}]}}