
{"id":19354,"date":"2023-09-04T17:44:21","date_gmt":"2023-09-04T21:44:21","guid":{"rendered":"https:\/\/montrealblackfilm.com\/?page_id=19354"},"modified":"2023-09-20T17:27:52","modified_gmt":"2023-09-20T21:27:52","slug":"2023-jurys","status":"publish","type":"page","link":"https:\/\/montrealblackfilm.com\/en\/2023-jurys\/","title":{"rendered":"2023 Jurys"},"content":{"rendered":"<p>[et_pb_section bb_built=&#8221;1&#8243; _builder_version=&#8221;3.0.72&#8243; inner_width=&#8221;auto&#8221; inner_max_width=&#8221;1160px&#8221;][et_pb_row][et_pb_column type=&#8221;4_4&#8243; custom_padding__hover=&#8221;|||&#8221; custom_padding=&#8221;|||&#8221;][et_pb_toggle _builder_version=&#8221;4.18.0&#8243; title=&#8221;Narrative Features&#8221; background_pattern_color=&#8221;rgba(0,0,0,0.2)&#8221; background_mask_color=&#8221;#ffffff&#8221; text_shadow_horizontal_length=&#8221;text_shadow_style,%91object Object%93&#8243; text_shadow_horizontal_length_tablet=&#8221;0px&#8221; text_shadow_vertical_length=&#8221;text_shadow_style,%91object Object%93&#8243; text_shadow_vertical_length_tablet=&#8221;0px&#8221; text_shadow_blur_strength=&#8221;text_shadow_style,%91object Object%93&#8243; text_shadow_blur_strength_tablet=&#8221;1px&#8221; title_text_shadow_horizontal_length=&#8221;title_text_shadow_style,%91object Object%93&#8243; title_text_shadow_horizontal_length_tablet=&#8221;0px&#8221; title_text_shadow_vertical_length=&#8221;title_text_shadow_style,%91object Object%93&#8243; title_text_shadow_vertical_length_tablet=&#8221;0px&#8221; title_text_shadow_blur_strength=&#8221;title_text_shadow_style,%91object Object%93&#8243; title_text_shadow_blur_strength_tablet=&#8221;1px&#8221; closed_title_text_shadow_horizontal_length=&#8221;closed_title_text_shadow_style,%91object Object%93&#8243; closed_title_text_shadow_horizontal_length_tablet=&#8221;0px&#8221; closed_title_text_shadow_vertical_length=&#8221;closed_title_text_shadow_style,%91object Object%93&#8243; closed_title_text_shadow_vertical_length_tablet=&#8221;0px&#8221; closed_title_text_shadow_blur_strength=&#8221;closed_title_text_shadow_style,%91object Object%93&#8243; closed_title_text_shadow_blur_strength_tablet=&#8221;1px&#8221; body_text_shadow_horizontal_length=&#8221;body_text_shadow_style,%91object Object%93&#8243; body_text_shadow_horizontal_length_tablet=&#8221;0px&#8221; body_text_shadow_vertical_length=&#8221;body_text_shadow_style,%91object Object%93&#8243; body_text_shadow_vertical_length_tablet=&#8221;0px&#8221; body_text_shadow_blur_strength=&#8221;body_text_shadow_style,%91object Object%93&#8243; body_text_shadow_blur_strength_tablet=&#8221;1px&#8221; body_link_text_shadow_horizontal_length=&#8221;body_link_text_shadow_style,%91object Object%93&#8243; body_link_text_shadow_horizontal_length_tablet=&#8221;0px&#8221; body_link_text_shadow_vertical_length=&#8221;body_link_text_shadow_style,%91object Object%93&#8243; body_link_text_shadow_vertical_length_tablet=&#8221;0px&#8221; body_link_text_shadow_blur_strength=&#8221;body_link_text_shadow_style,%91object Object%93&#8243; body_link_text_shadow_blur_strength_tablet=&#8221;1px&#8221; body_ul_text_shadow_horizontal_length=&#8221;body_ul_text_shadow_style,%91object Object%93&#8243; body_ul_text_shadow_horizontal_length_tablet=&#8221;0px&#8221; body_ul_text_shadow_vertical_length=&#8221;body_ul_text_shadow_style,%91object Object%93&#8243; body_ul_text_shadow_vertical_length_tablet=&#8221;0px&#8221; body_ul_text_shadow_blur_strength=&#8221;body_ul_text_shadow_style,%91object Object%93&#8243; body_ul_text_shadow_blur_strength_tablet=&#8221;1px&#8221; body_ol_text_shadow_horizontal_length=&#8221;body_ol_text_shadow_style,%91object Object%93&#8243; body_ol_text_shadow_horizontal_length_tablet=&#8221;0px&#8221; body_ol_text_shadow_vertical_length=&#8221;body_ol_text_shadow_style,%91object Object%93&#8243; body_ol_text_shadow_vertical_length_tablet=&#8221;0px&#8221; body_ol_text_shadow_blur_strength=&#8221;body_ol_text_shadow_style,%91object Object%93&#8243; body_ol_text_shadow_blur_strength_tablet=&#8221;1px&#8221; body_quote_text_shadow_horizontal_length=&#8221;body_quote_text_shadow_style,%91object Object%93&#8243; body_quote_text_shadow_horizontal_length_tablet=&#8221;0px&#8221; body_quote_text_shadow_vertical_length=&#8221;body_quote_text_shadow_style,%91object Object%93&#8243; body_quote_text_shadow_vertical_length_tablet=&#8221;0px&#8221; body_quote_text_shadow_blur_strength=&#8221;body_quote_text_shadow_style,%91object Object%93&#8243; body_quote_text_shadow_blur_strength_tablet=&#8221;1px&#8221; box_shadow_horizontal_tablet=&#8221;0px&#8221; box_shadow_vertical_tablet=&#8221;0px&#8221; box_shadow_blur_tablet=&#8221;40px&#8221; box_shadow_spread_tablet=&#8221;0px&#8221; vertical_offset_tablet=&#8221;0&#8243; horizontal_offset_tablet=&#8221;0&#8243;]<\/p>\n<p><img loading=\"lazy\" decoding=\"async\" class=\"wp-image-19379  alignleft\" src=\"https:\/\/montrealblackfilm.com\/wp-content\/uploads\/2023\/09\/Christine-Rodriguez-Screenwriter-Filmmaker-150x150.jpeg\" alt=\"\" width=\"150\" height=\"150\"><strong>PRESIDENT: Christine Rodriguez, Screenwriter &amp; Filmmaker<\/strong><\/p>\n<p>Christine Rodriguez is a writer from Montr\u00e9al who creates from a mixed-race, Afro-Trinidadian perspective as a means to explore identity and self-expression in an ever-changing multicultural world. She\u2019s received two Rogers \u2013 Black Screen Office development grants. Her debut short film Fuego was an official selection at festivals in Toronto, the US and France, earning her a nomination for Filmmaker of the year by Gala Dynastie. She was part of the first cohort of the WBD Access x Canadian Academy Writers Program to write a feature version of Fuego. An alumna of the Norman Jewison Writers\u2019 Lab at the Canadian Film Centre, Christine also holds a Certificate of Professional Screenwriting from UCLA.<\/p>\n<p><strong>JURY MEMBERS:<\/strong><\/p>\n<p><strong><b><br \/><img loading=\"lazy\" decoding=\"async\" class=\"alignleft wp-image-19381 size-thumbnail\" src=\"https:\/\/montrealblackfilm.com\/wp-content\/uploads\/2023\/09\/Coralie-Ladouceur-Director-of-Content-Development-VVS-Films-150x150.jpg\" alt=\"\" width=\"150\" height=\"150\"><b><\/b><\/b><\/strong><\/p>\n<p><strong><b><b>Coralie Ladouceur, Director of Content Development, VVS Films<\/b><\/b><\/strong><\/p>\n<p><strong><b><span style=\"font-weight: 400;\"><\/span><\/b><\/strong><\/p>\n<p>Coralie Ladouceur has been working in the field of production and distribution for nearly 15 years. She notably worked at Alliance Films, Films S\u00e9ville, Sony Pictures and Encore T\u00e9l\u00e9vision. She is now responsible for the development and distribution of Canadian content at VVS Films.<\/p>\n<p>&nbsp;<\/p>\n<p><img loading=\"lazy\" decoding=\"async\" class=\"alignleft wp-image-19383 size-thumbnail\" src=\"https:\/\/montrealblackfilm.com\/wp-content\/uploads\/2023\/09\/Elie-Michaud-Alexis-Coordonnatrice-administrative-et-analyste-de-projets-Bell-Fund-150x150.jpg\" alt=\"\" width=\"150\" height=\"150\"><\/p>\n<p><b>\u00c9lie Michaud-Alexis, Administrative Coordonnator and projets analyst, Bell Fund<\/b><span style=\"font-weight: 400;\"><\/span><\/p>\n<p>\u00c9lie holds a bachelor\u2019s degree in Cultural and Media Production Strategies from UQAM University and is passionate about the arts, culture, and media. Before joining Bell Fund as Administrative Coordinator and Project Analyst, she was contributing editor at UQAM\u2019s cultural magazine where she covered a variety of events and worked as programming coordinator at Montreal\u2019s Fashion Week. \u00c9lie also interned at the production company Urbania under the media exploration program LAB URBANIA.<\/p>\n<p>[\/et_pb_toggle][et_pb_toggle _builder_version=&#8221;4.18.0&#8243; title=&#8221;Feature Documentaries&#8221; background_pattern_color=&#8221;rgba(0,0,0,0.2)&#8221; background_mask_color=&#8221;#ffffff&#8221; text_shadow_horizontal_length=&#8221;text_shadow_style,%91object Object%93&#8243; text_shadow_horizontal_length_tablet=&#8221;0px&#8221; text_shadow_vertical_length=&#8221;text_shadow_style,%91object Object%93&#8243; text_shadow_vertical_length_tablet=&#8221;0px&#8221; text_shadow_blur_strength=&#8221;text_shadow_style,%91object Object%93&#8243; text_shadow_blur_strength_tablet=&#8221;1px&#8221; title_text_shadow_horizontal_length=&#8221;title_text_shadow_style,%91object Object%93&#8243; title_text_shadow_horizontal_length_tablet=&#8221;0px&#8221; title_text_shadow_vertical_length=&#8221;title_text_shadow_style,%91object Object%93&#8243; title_text_shadow_vertical_length_tablet=&#8221;0px&#8221; title_text_shadow_blur_strength=&#8221;title_text_shadow_style,%91object Object%93&#8243; title_text_shadow_blur_strength_tablet=&#8221;1px&#8221; closed_title_text_shadow_horizontal_length=&#8221;closed_title_text_shadow_style,%91object Object%93&#8243; closed_title_text_shadow_horizontal_length_tablet=&#8221;0px&#8221; closed_title_text_shadow_vertical_length=&#8221;closed_title_text_shadow_style,%91object Object%93&#8243; closed_title_text_shadow_vertical_length_tablet=&#8221;0px&#8221; closed_title_text_shadow_blur_strength=&#8221;closed_title_text_shadow_style,%91object Object%93&#8243; closed_title_text_shadow_blur_strength_tablet=&#8221;1px&#8221; body_text_shadow_horizontal_length=&#8221;body_text_shadow_style,%91object Object%93&#8243; body_text_shadow_horizontal_length_tablet=&#8221;0px&#8221; body_text_shadow_vertical_length=&#8221;body_text_shadow_style,%91object Object%93&#8243; body_text_shadow_vertical_length_tablet=&#8221;0px&#8221; body_text_shadow_blur_strength=&#8221;body_text_shadow_style,%91object Object%93&#8243; body_text_shadow_blur_strength_tablet=&#8221;1px&#8221; body_link_text_shadow_horizontal_length=&#8221;body_link_text_shadow_style,%91object Object%93&#8243; body_link_text_shadow_horizontal_length_tablet=&#8221;0px&#8221; body_link_text_shadow_vertical_length=&#8221;body_link_text_shadow_style,%91object Object%93&#8243; body_link_text_shadow_vertical_length_tablet=&#8221;0px&#8221; body_link_text_shadow_blur_strength=&#8221;body_link_text_shadow_style,%91object Object%93&#8243; body_link_text_shadow_blur_strength_tablet=&#8221;1px&#8221; body_ul_text_shadow_horizontal_length=&#8221;body_ul_text_shadow_style,%91object Object%93&#8243; body_ul_text_shadow_horizontal_length_tablet=&#8221;0px&#8221; body_ul_text_shadow_vertical_length=&#8221;body_ul_text_shadow_style,%91object Object%93&#8243; body_ul_text_shadow_vertical_length_tablet=&#8221;0px&#8221; body_ul_text_shadow_blur_strength=&#8221;body_ul_text_shadow_style,%91object Object%93&#8243; body_ul_text_shadow_blur_strength_tablet=&#8221;1px&#8221; body_ol_text_shadow_horizontal_length=&#8221;body_ol_text_shadow_style,%91object Object%93&#8243; body_ol_text_shadow_horizontal_length_tablet=&#8221;0px&#8221; body_ol_text_shadow_vertical_length=&#8221;body_ol_text_shadow_style,%91object Object%93&#8243; body_ol_text_shadow_vertical_length_tablet=&#8221;0px&#8221; body_ol_text_shadow_blur_strength=&#8221;body_ol_text_shadow_style,%91object Object%93&#8243; body_ol_text_shadow_blur_strength_tablet=&#8221;1px&#8221; body_quote_text_shadow_horizontal_length=&#8221;body_quote_text_shadow_style,%91object Object%93&#8243; body_quote_text_shadow_horizontal_length_tablet=&#8221;0px&#8221; body_quote_text_shadow_vertical_length=&#8221;body_quote_text_shadow_style,%91object Object%93&#8243; body_quote_text_shadow_vertical_length_tablet=&#8221;0px&#8221; body_quote_text_shadow_blur_strength=&#8221;body_quote_text_shadow_style,%91object Object%93&#8243; body_quote_text_shadow_blur_strength_tablet=&#8221;1px&#8221; box_shadow_horizontal_tablet=&#8221;0px&#8221; box_shadow_vertical_tablet=&#8221;0px&#8221; box_shadow_blur_tablet=&#8221;40px&#8221; box_shadow_spread_tablet=&#8221;0px&#8221; vertical_offset_tablet=&#8221;0&#8243; horizontal_offset_tablet=&#8221;0&#8243;]<\/p>\n<div><img loading=\"lazy\" decoding=\"async\" class=\"alignleft wp-image-19385 size-thumbnail\" src=\"https:\/\/montrealblackfilm.com\/wp-content\/uploads\/2023\/09\/Ebonie-Finley-Founder-Creator-The-Nomad-Generation-150x150.jpg\" alt=\"\" width=\"150\" height=\"150\"> <b>PRESIDENTE: Ebonie Finley &#8211; Founder &amp; Creator, The Nomad Generation<\/b><\/div>\n<div>\n<p><span style=\"font-weight: 400;\">In 2017, Ebonie quit her job and left her hometown to create her first web series: G\u00e9n\u00e9ration Nomade. This gave her the opportunity to learn on the spot and combine her passions of traveling, directing, and storytelling. The series grew into an instant success and generated over 3 million views. Recently, she produced her first snowboard movie: Night Riders in collaboration with Moment Factory. The short film premiered at the IF3 International Mountain Film Festival in October 2022. She is currently working on an English version of Nomad Generation.<\/span><\/p>\n<\/p>\n<\/p>\n<p><strong>JURY MEMBERS:<\/strong><\/p>\n<\/div>\n<p>&nbsp;<\/p>\n<div><img loading=\"lazy\" decoding=\"async\" class=\"alignleft wp-image-19387 size-thumbnail\" src=\"https:\/\/montrealblackfilm.com\/wp-content\/uploads\/2023\/09\/Aziz-Zoromba-Writer-Director-Producer-150x150.jpg\" alt=\"\" width=\"150\" height=\"150\"><b>Aziz Zoromba, <\/b><b>Writer, Director &amp; Producer<\/b><\/p>\n<\/div>\n<div>\n<p><span style=\"font-weight: 400;\">Aziz Zoromba is a Canadian-Egyptian writer, director and producer. He is a graduate of the Mel Hoppenheim school of cinema and an alumni of the 2019 Sundance Ignite fellowship.<br \/>\nHis work mainly explore the themes of ethnocultural identity, assimilation, the effects of stereotypes and intergenerational trauma through different genres and mediums. <\/p>\n<p>FARAWAY (2020), his first documentary short, has screened at over 30 film festivals around the world (Slamdance, Camerimage, RIDM). Aziz also co-produced the short documentary NO CRYING AT THE DINNER TABLE (Carol Nguyen, 2019), winner of over 25 awards and selected by over 80 festivals including TIFF, SXSW &amp; IDFA. <\/p>\n<p>His first fictional short film SIMO (2022), won the Best Canadian Short Film Award at TIFF, had its international premiere at the Sundance Film Festival and its European premiere at the 73rd Berlinale Generation. Additionaly, SIMO was the recipient of the Denis Villeneuve&#8217;s favourite short film award at the 19th Prends \u00c7a Court! Gala and the winner of the Canadian Screen Award for the best live action short.<br \/>\n&nbsp;<\/span><\/p>\n<p>&nbsp;<\/p><\/div>\n<p><img loading=\"lazy\" decoding=\"async\" class=\"alignleft wp-image-19389 size-thumbnail\" src=\"https:\/\/montrealblackfilm.com\/wp-content\/uploads\/2023\/09\/Anaelle-Beglet-Producer-150x150.jpeg\" alt=\"\" width=\"150\" height=\"150\"><b>Ana\u00eblle B\u00e9glet, Producer<\/b><\/p>\n<p><span style=\"font-weight: 400;\">After completing her bachelor&#8217;s degree in film studies at Universit\u00e9 de Montr\u00e9al, Ana\u00eblle joined the team at Apartment 11 Productions, where she assisted producer Jonathan Finkelstein on various children&#8217;s series. In 2019, she enters the Institut national de l&#8217;image et du son (L&#8217;inis) and completes the Cin\u00e9ma program, production profile. She then joined the Art et Essai team as a producer, developing new fiction and documentary series projects and producing several short films. Ana\u00eblle is an associate producer on Ariane Louis-Seize&#8217;s first feature film, Vampire humaniste cherche suicidaire consentant, which has been selected for Venice Days at the 80th Venice Film Festival and for the 2023 edition of TIFF. Ana\u00eblle also works as a content producer for series with Trio Orange and KOtv, on projects such as Pa t&#8217;mentir and T&#8217;es belle pour une noire. She won a Gemini Award and a Numix Award in 2022 for Pa t&#8217;mentir season 1.<br \/>\n <\/span><\/p>\n<p>[\/et_pb_toggle][et_pb_toggle _builder_version=&#8221;4.18.0&#8243; title=&#8221;Short &#038; Mid-Length&#8221; background_pattern_color=&#8221;rgba(0,0,0,0.2)&#8221; background_mask_color=&#8221;#ffffff&#8221; text_shadow_horizontal_length=&#8221;text_shadow_style,%91object Object%93&#8243; text_shadow_horizontal_length_tablet=&#8221;0px&#8221; text_shadow_vertical_length=&#8221;text_shadow_style,%91object Object%93&#8243; text_shadow_vertical_length_tablet=&#8221;0px&#8221; text_shadow_blur_strength=&#8221;text_shadow_style,%91object Object%93&#8243; text_shadow_blur_strength_tablet=&#8221;1px&#8221; title_text_shadow_horizontal_length=&#8221;title_text_shadow_style,%91object Object%93&#8243; title_text_shadow_horizontal_length_tablet=&#8221;0px&#8221; title_text_shadow_vertical_length=&#8221;title_text_shadow_style,%91object Object%93&#8243; title_text_shadow_vertical_length_tablet=&#8221;0px&#8221; title_text_shadow_blur_strength=&#8221;title_text_shadow_style,%91object Object%93&#8243; title_text_shadow_blur_strength_tablet=&#8221;1px&#8221; closed_title_text_shadow_horizontal_length=&#8221;closed_title_text_shadow_style,%91object Object%93&#8243; closed_title_text_shadow_horizontal_length_tablet=&#8221;0px&#8221; closed_title_text_shadow_vertical_length=&#8221;closed_title_text_shadow_style,%91object Object%93&#8243; closed_title_text_shadow_vertical_length_tablet=&#8221;0px&#8221; closed_title_text_shadow_blur_strength=&#8221;closed_title_text_shadow_style,%91object Object%93&#8243; closed_title_text_shadow_blur_strength_tablet=&#8221;1px&#8221; body_text_shadow_horizontal_length=&#8221;body_text_shadow_style,%91object Object%93&#8243; body_text_shadow_horizontal_length_tablet=&#8221;0px&#8221; body_text_shadow_vertical_length=&#8221;body_text_shadow_style,%91object Object%93&#8243; body_text_shadow_vertical_length_tablet=&#8221;0px&#8221; body_text_shadow_blur_strength=&#8221;body_text_shadow_style,%91object Object%93&#8243; body_text_shadow_blur_strength_tablet=&#8221;1px&#8221; body_link_text_shadow_horizontal_length=&#8221;body_link_text_shadow_style,%91object Object%93&#8243; body_link_text_shadow_horizontal_length_tablet=&#8221;0px&#8221; body_link_text_shadow_vertical_length=&#8221;body_link_text_shadow_style,%91object Object%93&#8243; body_link_text_shadow_vertical_length_tablet=&#8221;0px&#8221; body_link_text_shadow_blur_strength=&#8221;body_link_text_shadow_style,%91object Object%93&#8243; body_link_text_shadow_blur_strength_tablet=&#8221;1px&#8221; body_ul_text_shadow_horizontal_length=&#8221;body_ul_text_shadow_style,%91object Object%93&#8243; body_ul_text_shadow_horizontal_length_tablet=&#8221;0px&#8221; body_ul_text_shadow_vertical_length=&#8221;body_ul_text_shadow_style,%91object Object%93&#8243; body_ul_text_shadow_vertical_length_tablet=&#8221;0px&#8221; body_ul_text_shadow_blur_strength=&#8221;body_ul_text_shadow_style,%91object Object%93&#8243; body_ul_text_shadow_blur_strength_tablet=&#8221;1px&#8221; body_ol_text_shadow_horizontal_length=&#8221;body_ol_text_shadow_style,%91object Object%93&#8243; body_ol_text_shadow_horizontal_length_tablet=&#8221;0px&#8221; body_ol_text_shadow_vertical_length=&#8221;body_ol_text_shadow_style,%91object Object%93&#8243; body_ol_text_shadow_vertical_length_tablet=&#8221;0px&#8221; body_ol_text_shadow_blur_strength=&#8221;body_ol_text_shadow_style,%91object Object%93&#8243; body_ol_text_shadow_blur_strength_tablet=&#8221;1px&#8221; body_quote_text_shadow_horizontal_length=&#8221;body_quote_text_shadow_style,%91object Object%93&#8243; body_quote_text_shadow_horizontal_length_tablet=&#8221;0px&#8221; body_quote_text_shadow_vertical_length=&#8221;body_quote_text_shadow_style,%91object Object%93&#8243; body_quote_text_shadow_vertical_length_tablet=&#8221;0px&#8221; body_quote_text_shadow_blur_strength=&#8221;body_quote_text_shadow_style,%91object Object%93&#8243; body_quote_text_shadow_blur_strength_tablet=&#8221;1px&#8221; box_shadow_horizontal_tablet=&#8221;0px&#8221; box_shadow_vertical_tablet=&#8221;0px&#8221; box_shadow_blur_tablet=&#8221;40px&#8221; box_shadow_spread_tablet=&#8221;0px&#8221; vertical_offset_tablet=&#8221;0&#8243; horizontal_offset_tablet=&#8221;0&#8243;]<\/p>\n<div>\n<p><img loading=\"lazy\" decoding=\"async\" class=\"alignleft wp-image-19391 size-thumbnail\" src=\"https:\/\/montrealblackfilm.com\/wp-content\/uploads\/2023\/09\/Reda-Lahmouid-realisateur-scenariste-ideateur-150x150.jpg\" alt=\"\" width=\"150\" height=\"150\"><\/p>\n<p><b>PRESIDENT: Reda Lahmouid &#8211; Director &amp; Screenwriter &amp; id\u00e9ateur<\/b><\/p>\n<p><span style=\"font-weight: 400;\">Reda Lahmouid is a director-writer-ideator who was born and raised in Casablanca, Morocco, and now lives in Montreal.<\/p>\n<p>After studying communications and advertising at the Universit\u00e9 Jean-Moulin Lyon III (France), film scriptwriting at UQ\u00e0M and working for over ten years in advertising design, Reda sees his craft as telling human stories to human beings, whatever the medium.<\/p>\n<p>Reda&#8217;s credits include short fiction films, music videos and commercials, as well as co-directing a feature-length film, &#8220;Premi\u00e8re Vague&#8221;, which was released in Quebec theatres and, following a premiere at the RVQC 2021, was distributed on video-on-demand on the Crave platform. &#8220;Premi\u00e8re Vague&#8221; won the Prix R\u00e9als-ARRQ 2022 for Best Single Fiction Work.<\/p>\n<p>Reda is currently developing fiction and documentary projects, and has participated in a number of workshops and writing residencies, including Talent Lab Netflix (RIDM), Produire au Sud (F3C) and Durban FilmMart.<\/span><\/p>\n<p>&nbsp;<\/p>\n<\/div>\n<p><strong>JURY MEMBERS:<\/strong><\/p>\n<div>\n<p><img loading=\"lazy\" decoding=\"async\" class=\"alignleft wp-image-19393 size-thumbnail\" src=\"https:\/\/montrealblackfilm.com\/wp-content\/uploads\/2023\/09\/Bogdan-Anifrani-Director-Animator-realisateur-de-films-danimation-150x150.jpg\" alt=\"\" width=\"150\" height=\"150\"><b>Bogdan Anifrani-Fedach<\/b><b>, <\/b><b> Animation Filmmaker<\/b><\/p>\n<p><span style=\"font-weight: 400;\">Bogdan Anifrani is a filmmaker and animator of Togolese and Ukrainian descent, based in Montreal. His credits include Temporary Comfort (2016), DiM (2018), Le Givre de Bobby-Yves (2021) Advice (2021) for the Dreams in Vantablack program by CBC Gem and By Winds and Tides (2022) in the Alambic program with the NFB. His proficiency in character and effects animation allowed him to work on a variety of short films and feature films including Archipelago (2021), Princess Dragon(2021) and Paws of Fury: Legend of Hank (2022). Bogdan\u2019s work, rooted in themes of identity, the unconscious and disorientation, is often supported by a play of lights, shadows and patterns.<\/span><\/p>\n<\/div>\n<p>&nbsp;<\/p>\n<div>\n<p><img loading=\"lazy\" decoding=\"async\" class=\"alignleft wp-image-19395 size-thumbnail\" src=\"https:\/\/montrealblackfilm.com\/wp-content\/uploads\/2023\/09\/Sarra-El-Abed-Realisatrice-et-scenariste-Director-and-screenwriter-150x150.jpeg\" alt=\"\" width=\"150\" height=\"150\"><b>Sarra El Abed, Director &amp; Screenwriter<\/b><\/p>\n<p><span style=\"font-weight: 400;\">Sarra El Abed is a Tunisian filmmaker who gained recognition with her first short film &#8220;Y&#8217;a pas d&#8217;heure pour les femmes,&#8221; which was awarded in multiple international festivals. Her creativity has also led her to participate in the TIFF Filmmaker Lab and the Pitch FNC, which she won. She enjoys elevating the everyday through flamboyant characters and a rich aesthetic.&nbsp;<\/span><\/p>\n<\/div>\n<p>[\/et_pb_toggle][\/et_pb_column][\/et_pb_row][\/et_pb_section]<\/p>\n","protected":false},"excerpt":{"rendered":"<p><div class=\"et_pb_row et_pb_row_0 et_pb_row_empty\">\n\t\t\t\t\n\t\t\t\t\n\t\t\t\t\n\t\t\t\t\n\t\t\t\t\n\t\t\t<\/div> PRESIDENT: Christine Rodriguez, Screenwriter &amp; FilmmakerChristine Rodriguez is a writer from Montr\u00e9al who creates from a mixed-race, Afro-Trinidadian perspective as a means to explore identity and self-expression in an ever-changing multicultural world. She\u2019s received two Rogers \u2013 Black Screen Office development grants. Her debut short film Fuego was an official selection at festivals in [&hellip;]<\/p>\n","protected":false},"author":5,"featured_media":0,"parent":0,"menu_order":0,"comment_status":"closed","ping_status":"closed","template":"","meta":{"_et_pb_use_builder":"on","_et_pb_old_content":"","_et_gb_content_width":"","footnotes":""},"class_list":["post-19354","page","type-page","status-publish","hentry"],"_links":{"self":[{"href":"https:\/\/montrealblackfilm.com\/en\/wp-json\/wp\/v2\/pages\/19354","targetHints":{"allow":["GET"]}}],"collection":[{"href":"https:\/\/montrealblackfilm.com\/en\/wp-json\/wp\/v2\/pages"}],"about":[{"href":"https:\/\/montrealblackfilm.com\/en\/wp-json\/wp\/v2\/types\/page"}],"author":[{"embeddable":true,"href":"https:\/\/montrealblackfilm.com\/en\/wp-json\/wp\/v2\/users\/5"}],"replies":[{"embeddable":true,"href":"https:\/\/montrealblackfilm.com\/en\/wp-json\/wp\/v2\/comments?post=19354"}],"version-history":[{"count":0,"href":"https:\/\/montrealblackfilm.com\/en\/wp-json\/wp\/v2\/pages\/19354\/revisions"}],"wp:attachment":[{"href":"https:\/\/montrealblackfilm.com\/en\/wp-json\/wp\/v2\/media?parent=19354"}],"curies":[{"name":"wp","href":"https:\/\/api.w.org\/{rel}","templated":true}]}}