
{"id":25398,"date":"2024-08-31T14:26:12","date_gmt":"2024-08-31T18:26:12","guid":{"rendered":"https:\/\/montrealblackfilm.com\/?page_id=25398"},"modified":"2024-09-04T08:50:45","modified_gmt":"2024-09-04T12:50:45","slug":"2024-jurys","status":"publish","type":"page","link":"https:\/\/montrealblackfilm.com\/en\/2024-jurys\/","title":{"rendered":"2024 Jurys"},"content":{"rendered":"<p>[et_pb_section bb_built=&#8221;1&#8243; _builder_version=&#8221;3.0.72&#8243; inner_width=&#8221;auto&#8221; inner_max_width=&#8221;1160px&#8221;][et_pb_row][et_pb_column type=&#8221;4_4&#8243; custom_padding__hover=&#8221;|||&#8221; custom_padding=&#8221;|||&#8221;][et_pb_toggle _builder_version=&#8221;4.27.0&#8243; title=&#8221;Narrative Features&#8221; background_pattern_color=&#8221;rgba(0,0,0,0.2)&#8221; background_mask_color=&#8221;#ffffff&#8221; text_shadow_horizontal_length=&#8221;text_shadow_style,%91object Object%93&#8243; text_shadow_horizontal_length_tablet=&#8221;0px&#8221; text_shadow_vertical_length=&#8221;text_shadow_style,%91object Object%93&#8243; text_shadow_vertical_length_tablet=&#8221;0px&#8221; text_shadow_blur_strength=&#8221;text_shadow_style,%91object Object%93&#8243; text_shadow_blur_strength_tablet=&#8221;1px&#8221; title_text_shadow_horizontal_length=&#8221;title_text_shadow_style,%91object Object%93&#8243; title_text_shadow_horizontal_length_tablet=&#8221;0px&#8221; title_text_shadow_vertical_length=&#8221;title_text_shadow_style,%91object Object%93&#8243; title_text_shadow_vertical_length_tablet=&#8221;0px&#8221; title_text_shadow_blur_strength=&#8221;title_text_shadow_style,%91object Object%93&#8243; title_text_shadow_blur_strength_tablet=&#8221;1px&#8221; closed_title_text_shadow_horizontal_length=&#8221;closed_title_text_shadow_style,%91object Object%93&#8243; closed_title_text_shadow_horizontal_length_tablet=&#8221;0px&#8221; closed_title_text_shadow_vertical_length=&#8221;closed_title_text_shadow_style,%91object Object%93&#8243; closed_title_text_shadow_vertical_length_tablet=&#8221;0px&#8221; closed_title_text_shadow_blur_strength=&#8221;closed_title_text_shadow_style,%91object Object%93&#8243; closed_title_text_shadow_blur_strength_tablet=&#8221;1px&#8221; body_text_shadow_horizontal_length=&#8221;body_text_shadow_style,%91object Object%93&#8243; body_text_shadow_horizontal_length_tablet=&#8221;0px&#8221; body_text_shadow_vertical_length=&#8221;body_text_shadow_style,%91object Object%93&#8243; body_text_shadow_vertical_length_tablet=&#8221;0px&#8221; body_text_shadow_blur_strength=&#8221;body_text_shadow_style,%91object Object%93&#8243; body_text_shadow_blur_strength_tablet=&#8221;1px&#8221; body_link_text_shadow_horizontal_length=&#8221;body_link_text_shadow_style,%91object Object%93&#8243; body_link_text_shadow_horizontal_length_tablet=&#8221;0px&#8221; body_link_text_shadow_vertical_length=&#8221;body_link_text_shadow_style,%91object Object%93&#8243; body_link_text_shadow_vertical_length_tablet=&#8221;0px&#8221; body_link_text_shadow_blur_strength=&#8221;body_link_text_shadow_style,%91object Object%93&#8243; body_link_text_shadow_blur_strength_tablet=&#8221;1px&#8221; body_ul_text_shadow_horizontal_length=&#8221;body_ul_text_shadow_style,%91object Object%93&#8243; body_ul_text_shadow_horizontal_length_tablet=&#8221;0px&#8221; body_ul_text_shadow_vertical_length=&#8221;body_ul_text_shadow_style,%91object Object%93&#8243; body_ul_text_shadow_vertical_length_tablet=&#8221;0px&#8221; body_ul_text_shadow_blur_strength=&#8221;body_ul_text_shadow_style,%91object Object%93&#8243; body_ul_text_shadow_blur_strength_tablet=&#8221;1px&#8221; body_ol_text_shadow_horizontal_length=&#8221;body_ol_text_shadow_style,%91object Object%93&#8243; body_ol_text_shadow_horizontal_length_tablet=&#8221;0px&#8221; body_ol_text_shadow_vertical_length=&#8221;body_ol_text_shadow_style,%91object Object%93&#8243; body_ol_text_shadow_vertical_length_tablet=&#8221;0px&#8221; body_ol_text_shadow_blur_strength=&#8221;body_ol_text_shadow_style,%91object Object%93&#8243; body_ol_text_shadow_blur_strength_tablet=&#8221;1px&#8221; body_quote_text_shadow_horizontal_length=&#8221;body_quote_text_shadow_style,%91object Object%93&#8243; body_quote_text_shadow_horizontal_length_tablet=&#8221;0px&#8221; body_quote_text_shadow_vertical_length=&#8221;body_quote_text_shadow_style,%91object Object%93&#8243; body_quote_text_shadow_vertical_length_tablet=&#8221;0px&#8221; body_quote_text_shadow_blur_strength=&#8221;body_quote_text_shadow_style,%91object Object%93&#8243; body_quote_text_shadow_blur_strength_tablet=&#8221;1px&#8221; box_shadow_horizontal_tablet=&#8221;0px&#8221; box_shadow_vertical_tablet=&#8221;0px&#8221; box_shadow_blur_tablet=&#8221;40px&#8221; box_shadow_spread_tablet=&#8221;0px&#8221; vertical_offset_tablet=&#8221;0&#8243; horizontal_offset_tablet=&#8221;0&#8243;]<\/p>\n<p><img loading=\"lazy\" decoding=\"async\" src=\"https:\/\/montrealblackfilm.com\/wp-content\/uploads\/2024\/09\/Gavin-Seal-Writer-Director-150x150.jpg\" alt=\"\" width=\"150\" height=\"150\" class=\"alignnone size-thumbnail wp-image-25425\"><\/p>\n<p><strong>PRESIDENT: Gavin Seal<\/strong><\/p>\n<p>Gavin Seal is a bilingual Indian-Qu\u00e9b\u00e9cois Writers Guild of Canada prize-winning filmmaker on a mission to dissolve otherness through the universal language of cinema. His films have screened internationally at festivals including Fantasia, Hot Docs, Reelworld, and Just for Laughs.<\/p>\n<p><strong>JURY MEMBERS:<\/strong><\/p>\n<p><strong><b><br \/><img loading=\"lazy\" decoding=\"async\" src=\"https:\/\/montrealblackfilm.com\/wp-content\/uploads\/2024\/09\/marie-helene-pic-150x150.jpg\" alt=\"\" width=\"150\" height=\"150\" class=\"alignnone size-thumbnail wp-image-25431\"><b><\/b><\/b><\/strong><\/p>\n<p><strong><b><b>Marie-H\u00e9l\u00e8ne Cousineau<\/b><\/b><\/strong><\/p>\n<p><strong><b><span style=\"font-weight: 400;\"><\/span><\/b><\/strong><\/p>\n<p>&#8220;I&#8217;m a filmmaker and videographer with a long history of working alongside Inuit women. In 1991, I co-founded the production house &#8220;Arnait Video,&#8221; and since then, our films, including the award-winning \u201cSOL\u201d and others like \u201cBefore Tomorrow\u201d and \u201cUvanga,\u201d have been showcased at international festivals, galleries, and museums. My background is in art history, and I\u2019ve explored various forms of art, but my time in the Arctic truly shaped my focus on creating socially responsible work. Collaborating with Indigenous communities has deeply influenced my creative process and strengthened my commitment to addressing social and political issues through my art.&#8221;<\/p>\n<p>&nbsp;<\/p>\n<p><img loading=\"lazy\" decoding=\"async\" src=\"https:\/\/montrealblackfilm.com\/wp-content\/uploads\/2024\/09\/Bogdan-Anifrani-Fedach-Film-Director-150x150.jpg\" alt=\"\" width=\"150\" height=\"150\" class=\"alignnone size-thumbnail wp-image-25429\"><\/p>\n<p><b>Bogdan Anifrani-Fedach<\/b><span style=\"font-weight: 400;\"><\/span><\/p>\n<p>Bogdan Anifrani-Fedach is an award-winning animation director and animator of Togolese and Ukrainian descent based in Montreal. He has been working in the field of cinema for the past six years, directing short films that were screened in multiple festivals, such as; Annecy International Animation Film Festival, Festival du Nouveau Cinema and the Los Angeles Animation Festival, where he was awarded a prize for the experimental nature of his short film *By Winds and Tides*, produced in the Alambic program with the National Film Board of Canada. Currently, he is developing another short film titled *To Our Future Ancestors* with the NFB and is independently releasing soon another short film titled *NETHER*.<\/p>\n<p>[\/et_pb_toggle][et_pb_toggle _builder_version=&#8221;4.27.0&#8243; title=&#8221;Feature Documentaries&#8221; background_pattern_color=&#8221;rgba(0,0,0,0.2)&#8221; background_mask_color=&#8221;#ffffff&#8221; text_shadow_horizontal_length=&#8221;text_shadow_style,%91object Object%93&#8243; text_shadow_horizontal_length_tablet=&#8221;0px&#8221; text_shadow_vertical_length=&#8221;text_shadow_style,%91object Object%93&#8243; text_shadow_vertical_length_tablet=&#8221;0px&#8221; text_shadow_blur_strength=&#8221;text_shadow_style,%91object Object%93&#8243; text_shadow_blur_strength_tablet=&#8221;1px&#8221; title_text_shadow_horizontal_length=&#8221;title_text_shadow_style,%91object Object%93&#8243; title_text_shadow_horizontal_length_tablet=&#8221;0px&#8221; title_text_shadow_vertical_length=&#8221;title_text_shadow_style,%91object Object%93&#8243; title_text_shadow_vertical_length_tablet=&#8221;0px&#8221; title_text_shadow_blur_strength=&#8221;title_text_shadow_style,%91object Object%93&#8243; title_text_shadow_blur_strength_tablet=&#8221;1px&#8221; closed_title_text_shadow_horizontal_length=&#8221;closed_title_text_shadow_style,%91object Object%93&#8243; closed_title_text_shadow_horizontal_length_tablet=&#8221;0px&#8221; closed_title_text_shadow_vertical_length=&#8221;closed_title_text_shadow_style,%91object Object%93&#8243; closed_title_text_shadow_vertical_length_tablet=&#8221;0px&#8221; closed_title_text_shadow_blur_strength=&#8221;closed_title_text_shadow_style,%91object Object%93&#8243; closed_title_text_shadow_blur_strength_tablet=&#8221;1px&#8221; body_text_shadow_horizontal_length=&#8221;body_text_shadow_style,%91object Object%93&#8243; body_text_shadow_horizontal_length_tablet=&#8221;0px&#8221; body_text_shadow_vertical_length=&#8221;body_text_shadow_style,%91object Object%93&#8243; body_text_shadow_vertical_length_tablet=&#8221;0px&#8221; body_text_shadow_blur_strength=&#8221;body_text_shadow_style,%91object Object%93&#8243; body_text_shadow_blur_strength_tablet=&#8221;1px&#8221; body_link_text_shadow_horizontal_length=&#8221;body_link_text_shadow_style,%91object Object%93&#8243; body_link_text_shadow_horizontal_length_tablet=&#8221;0px&#8221; body_link_text_shadow_vertical_length=&#8221;body_link_text_shadow_style,%91object Object%93&#8243; body_link_text_shadow_vertical_length_tablet=&#8221;0px&#8221; body_link_text_shadow_blur_strength=&#8221;body_link_text_shadow_style,%91object Object%93&#8243; body_link_text_shadow_blur_strength_tablet=&#8221;1px&#8221; body_ul_text_shadow_horizontal_length=&#8221;body_ul_text_shadow_style,%91object Object%93&#8243; body_ul_text_shadow_horizontal_length_tablet=&#8221;0px&#8221; body_ul_text_shadow_vertical_length=&#8221;body_ul_text_shadow_style,%91object Object%93&#8243; body_ul_text_shadow_vertical_length_tablet=&#8221;0px&#8221; body_ul_text_shadow_blur_strength=&#8221;body_ul_text_shadow_style,%91object Object%93&#8243; body_ul_text_shadow_blur_strength_tablet=&#8221;1px&#8221; body_ol_text_shadow_horizontal_length=&#8221;body_ol_text_shadow_style,%91object Object%93&#8243; body_ol_text_shadow_horizontal_length_tablet=&#8221;0px&#8221; body_ol_text_shadow_vertical_length=&#8221;body_ol_text_shadow_style,%91object Object%93&#8243; body_ol_text_shadow_vertical_length_tablet=&#8221;0px&#8221; body_ol_text_shadow_blur_strength=&#8221;body_ol_text_shadow_style,%91object Object%93&#8243; body_ol_text_shadow_blur_strength_tablet=&#8221;1px&#8221; body_quote_text_shadow_horizontal_length=&#8221;body_quote_text_shadow_style,%91object Object%93&#8243; body_quote_text_shadow_horizontal_length_tablet=&#8221;0px&#8221; body_quote_text_shadow_vertical_length=&#8221;body_quote_text_shadow_style,%91object Object%93&#8243; body_quote_text_shadow_vertical_length_tablet=&#8221;0px&#8221; body_quote_text_shadow_blur_strength=&#8221;body_quote_text_shadow_style,%91object Object%93&#8243; body_quote_text_shadow_blur_strength_tablet=&#8221;1px&#8221; box_shadow_horizontal_tablet=&#8221;0px&#8221; box_shadow_vertical_tablet=&#8221;0px&#8221; box_shadow_blur_tablet=&#8221;40px&#8221; box_shadow_spread_tablet=&#8221;0px&#8221; vertical_offset_tablet=&#8221;0&#8243; horizontal_offset_tablet=&#8221;0&#8243;]<\/p>\n<div><img loading=\"lazy\" decoding=\"async\" src=\"https:\/\/montrealblackfilm.com\/wp-content\/uploads\/2024\/09\/Phyllis-Gooden-film-television-and-theatre-actor-150x150.jpg\" alt=\"\" width=\"150\" height=\"150\" class=\"alignnone size-thumbnail wp-image-25433\" \/> <b><\/p>\n<p>PRESIDENTE: Phyllis Gooden<\/b><\/div>\n<\/p>\n<div>\n<p><span style=\"font-weight: 400;\">InPhyllis is a talented film, television, and theatre actor. During her career, she has successfully incarnated a wide range of characters, ranging in both age and temperament, and her performances have been destined for both Canadian as well as American audiences. She began her career on stage, playing lead roles with theatre companies such as Montreal\u2019s Centaur Theatre as well as Black Theatre Workshop. She later went on to work in film and television in both English and French. Some of her more recent English credits include the new \u201cHome Alone\u201d reboot, an episodic lead in the American television series \u201cBroken Trust\u201d, \u201cThe Bold Type\u201d and 19-2. She has also appeared in the French productions, \u201cLe coeur de madame Sabali\u201d, \u201cM\u2019entends-tu?\u201d, \u201cDistrict 31\u201d and \u201cUnit\u00e9 9\u201d. In addition to acting, Phyllis is also an accomplished singer\/songwriter whose music has aired on CBC radio and whose recordings can be heard on iTunes, Apple Music, and Spotify. Beyond her artistic pursuits, Phyllis is also involved in advocacy with ACTRA (The Alliance of Canadian Cinema, Television and Radio Artists) National and ACTRA Montreal. She is the producer of the short, \u201cFrom Set to Reality\u201d, an advocacy piece aimed at promoting the casting of culturally diverse actors in film and television. In January of 2020, Phyllis was re-elected to the position of Ombudsperson for ACTRA Montreal.<\/span><\/p>\n<\/p>\n<p><strong>JURY MEMBERS:<\/strong><\/p>\n<\/div>\n<p>&nbsp;<\/p>\n<div>\n<p><img loading=\"lazy\" decoding=\"async\" src=\"https:\/\/montrealblackfilm.com\/wp-content\/uploads\/2024\/09\/Jean-Claude-Bustros-Film-Director-150x150.jpg\" alt=\"\" width=\"150\" height=\"150\" class=\"alignnone size-thumbnail wp-image-25435\" \/><\/p>\n<p><b>Jean-Claude-Bustros <\/b><b><\/p>\n<\/div>\n<div>\n<p><span style=\"font-weight: 400;\">Starting out as a self-taught photographer, Jean-Claude Bustros adopts a documentary approach but soon shifts to a more formal style in which light, shade and architectural volumes are his main focus. He exhibits his work in Montr\u00e9al and abroad and becomes part of the collective that launches Dazibao Gallery.<br \/>\nHis passion from childhood however is cinema, so he studies film production and quickly sets his focus to the then burgeoning experimental film genre. After his studies, he joins the recently formed independent collective \u201cMain Film\u201d where he will occupy various roles including those of Vice president and president. He also serves as president on the board of directors of the Independent Media Arts Alliance, an organization representing more than 50 Film, video, new media organizations from all parts of Canada.<\/span><\/p>\n<p>Some of his films, such as \u201cLA QUEUE TIGR\u00c9E D\u2019UN CHAT, Z\u00c9RO GRAVIT\u00c9 and RIVI\u00c8RE 0 make their mark locally and internationally. They are screened in hundreds of venues and have been exhibited in major retrospectives such as the landmark \u201cThe Cinemas of Canada\u201d at the Centre Georges Pompidou in Paris and \u201cCin\u00e9ma Recycl\u00e9\u201d at the Mus\u00e9e du Jeu de Paume in Paris. The Film magazine: 24 images names his film LA QUEUE TIGR\u00c9E D\u2019UN CHAT, one of the 200 must see films of Qu\u00e9bec cinema.<br \/>\nAs a film professor and mentor at the Mel Hoppenheim school of Cinema he is one of the first recipients of the distinguished teaching award presented by his faculty. As a researcher he has been exploring expanded and computation-based approaches to cinema.<\/p>\n<p>&nbsp;<\/p>\n<p>&nbsp;<\/p>\n<\/div>\n<p><img loading=\"lazy\" decoding=\"async\" src=\"https:\/\/montrealblackfilm.com\/wp-content\/uploads\/2024\/09\/Paul-Rothe-Charge-de-developpement-membre-du-comite-de-pre-selection-chez-Le-FIFA-150x150.jpg\" alt=\"\" width=\"150\" height=\"150\" class=\"alignnone size-thumbnail wp-image-25437\" \/><\/p>\n<p><b>Paul Rothe<\/b><\/p>\n<p><span style=\"font-weight: 400;\">\u201cPaul Rothe, a graduate of Sciences Po Toulouse, wrote a Master\u2019s thesis titled \u2018Living in the Ville Nouvelle in \u00c9ric Rohmer\u2019s \u201cFull Moon in Paris\u201d and \u201cBoyfriends and Girlfriends\u201d.\u2019 He has worked in France as a script reader and contributed to programming for various festivals and the mk2 Curiosity platform. In 2023, he joined the International Festival of Films on Art, where he integrated the selection committee, organized the festival\u2019s professional days, and took charge of film selection for the ARTS.FILM platform.\u201d<br \/>\n <\/span><\/p>\n<p>[\/et_pb_toggle][et_pb_toggle _builder_version=&#8221;4.27.0&#8243; title=&#8221;Short &#038; Mid-Length&#8221; background_pattern_color=&#8221;rgba(0,0,0,0.2)&#8221; background_mask_color=&#8221;#ffffff&#8221; text_shadow_horizontal_length=&#8221;text_shadow_style,%91object Object%93&#8243; text_shadow_horizontal_length_tablet=&#8221;0px&#8221; text_shadow_vertical_length=&#8221;text_shadow_style,%91object Object%93&#8243; text_shadow_vertical_length_tablet=&#8221;0px&#8221; text_shadow_blur_strength=&#8221;text_shadow_style,%91object Object%93&#8243; text_shadow_blur_strength_tablet=&#8221;1px&#8221; title_text_shadow_horizontal_length=&#8221;title_text_shadow_style,%91object Object%93&#8243; title_text_shadow_horizontal_length_tablet=&#8221;0px&#8221; title_text_shadow_vertical_length=&#8221;title_text_shadow_style,%91object Object%93&#8243; title_text_shadow_vertical_length_tablet=&#8221;0px&#8221; title_text_shadow_blur_strength=&#8221;title_text_shadow_style,%91object Object%93&#8243; title_text_shadow_blur_strength_tablet=&#8221;1px&#8221; closed_title_text_shadow_horizontal_length=&#8221;closed_title_text_shadow_style,%91object Object%93&#8243; closed_title_text_shadow_horizontal_length_tablet=&#8221;0px&#8221; closed_title_text_shadow_vertical_length=&#8221;closed_title_text_shadow_style,%91object Object%93&#8243; closed_title_text_shadow_vertical_length_tablet=&#8221;0px&#8221; closed_title_text_shadow_blur_strength=&#8221;closed_title_text_shadow_style,%91object Object%93&#8243; closed_title_text_shadow_blur_strength_tablet=&#8221;1px&#8221; body_text_shadow_horizontal_length=&#8221;body_text_shadow_style,%91object Object%93&#8243; body_text_shadow_horizontal_length_tablet=&#8221;0px&#8221; body_text_shadow_vertical_length=&#8221;body_text_shadow_style,%91object Object%93&#8243; body_text_shadow_vertical_length_tablet=&#8221;0px&#8221; body_text_shadow_blur_strength=&#8221;body_text_shadow_style,%91object Object%93&#8243; body_text_shadow_blur_strength_tablet=&#8221;1px&#8221; body_link_text_shadow_horizontal_length=&#8221;body_link_text_shadow_style,%91object Object%93&#8243; body_link_text_shadow_horizontal_length_tablet=&#8221;0px&#8221; body_link_text_shadow_vertical_length=&#8221;body_link_text_shadow_style,%91object Object%93&#8243; body_link_text_shadow_vertical_length_tablet=&#8221;0px&#8221; body_link_text_shadow_blur_strength=&#8221;body_link_text_shadow_style,%91object Object%93&#8243; body_link_text_shadow_blur_strength_tablet=&#8221;1px&#8221; body_ul_text_shadow_horizontal_length=&#8221;body_ul_text_shadow_style,%91object Object%93&#8243; body_ul_text_shadow_horizontal_length_tablet=&#8221;0px&#8221; body_ul_text_shadow_vertical_length=&#8221;body_ul_text_shadow_style,%91object Object%93&#8243; body_ul_text_shadow_vertical_length_tablet=&#8221;0px&#8221; body_ul_text_shadow_blur_strength=&#8221;body_ul_text_shadow_style,%91object Object%93&#8243; body_ul_text_shadow_blur_strength_tablet=&#8221;1px&#8221; body_ol_text_shadow_horizontal_length=&#8221;body_ol_text_shadow_style,%91object Object%93&#8243; body_ol_text_shadow_horizontal_length_tablet=&#8221;0px&#8221; body_ol_text_shadow_vertical_length=&#8221;body_ol_text_shadow_style,%91object Object%93&#8243; body_ol_text_shadow_vertical_length_tablet=&#8221;0px&#8221; body_ol_text_shadow_blur_strength=&#8221;body_ol_text_shadow_style,%91object Object%93&#8243; body_ol_text_shadow_blur_strength_tablet=&#8221;1px&#8221; body_quote_text_shadow_horizontal_length=&#8221;body_quote_text_shadow_style,%91object Object%93&#8243; body_quote_text_shadow_horizontal_length_tablet=&#8221;0px&#8221; body_quote_text_shadow_vertical_length=&#8221;body_quote_text_shadow_style,%91object Object%93&#8243; body_quote_text_shadow_vertical_length_tablet=&#8221;0px&#8221; body_quote_text_shadow_blur_strength=&#8221;body_quote_text_shadow_style,%91object Object%93&#8243; body_quote_text_shadow_blur_strength_tablet=&#8221;1px&#8221; box_shadow_horizontal_tablet=&#8221;0px&#8221; box_shadow_vertical_tablet=&#8221;0px&#8221; box_shadow_blur_tablet=&#8221;40px&#8221; box_shadow_spread_tablet=&#8221;0px&#8221; vertical_offset_tablet=&#8221;0&#8243; horizontal_offset_tablet=&#8221;0&#8243;]<\/p>\n<div>\n<p><img loading=\"lazy\" decoding=\"async\" src=\"https:\/\/montrealblackfilm.com\/wp-content\/uploads\/2024\/09\/Josa-Maule-Casting-Director-Acting-Coach-Director-producer--150x150.jpg\" alt=\"\" width=\"150\" height=\"150\" class=\"alignnone size-thumbnail wp-image-25439\" \/><\/p>\n<p><b>PRESIDENT: Josa-Maule -Casting Director, Acting-Coach-Director, producer<\/b><\/p>\n<p><span style=\"font-weight: 400;\">Born and raised in Montreal, Josa&#8217;s true passion has always been to be involved in the entertainment industry.  Following her dream at age twenty-five, she founded MSOPA\u2026, thirty-two years later MSOPA is Montreal\u2019s leading acting school and a respected force in Montreal&#8217;s growing acting community.  Over thousands of students have participated in their programs. <\/span><\/p>\n<p>Her continuing dedication to the arts, her students and emerging filmmakers has earned Josa respect and recognition in the acting industry at large.<\/p>\n<p>Success is waking up with joy every morning, doing what you love.<\/p>\n<p>&nbsp;<\/p>\n<\/div>\n<p><strong>JURY MEMBERS:<\/strong><\/p>\n<div>\n<p><img loading=\"lazy\" decoding=\"async\" src=\"https:\/\/montrealblackfilm.com\/wp-content\/uploads\/2024\/09\/Elie-Michaud-Alexis-Coordonnatrice-administrative-et-analyste-de-projets-Bell-Fund-150x150.jpg\" alt=\"\" width=\"150\" height=\"150\" class=\"alignnone size-thumbnail wp-image-25441\" \/><\/p>\n<p><b>Elie Michaud-Alexis<\/b><\/p>\n<p><span style=\"font-weight: 400;\">\u00c9lie holds a bachelor\u2019s degree in Cultural and Media Production Strategies from UQAM University and is passionate about the arts, culture, and media. Before joining Bell Fund as Administrative Coordinator and Project Analyst, then Business Analyst, she was contributing editor at UQAM\u2019s cultural magazine where she covered a variety of events and worked as programming coordinator at Montreal\u2019s Fashion Week. \u00c9lie also interned at the production company Urbania under the media exploration program LAB URBANIA.<\/span><\/p>\n<\/div>\n<p>&nbsp;<\/p>\n<div>\n<p><img loading=\"lazy\" decoding=\"async\" src=\"https:\/\/montrealblackfilm.com\/wp-content\/uploads\/2024\/09\/Sandra-Mathieu-Screenwriter-Director-150x150.jpg\" alt=\"\" width=\"150\" height=\"150\" class=\"alignnone size-thumbnail wp-image-25443\" \/><\/p>\n<p><b>Sandra Mathieu<\/b><\/p>\n<p><span style=\"font-weight: 400;\">After studying television broadcasting and cinematic screenwriting, Sandra Mathieu wrote, directed and financed many short films. In 2018, she created \u2018\u2019Reine\u2019\u2019 a webseries which addresses issues faced by black women. In 2019 she becomes a Netflix grant recipient to study screenwriting at l&#8217;INIS. While at l&#8217;INIS, she wrote a webseries called Bonne figure and a documentary called Fissure which were both well received in festivals. In 2022, her short film Chance Encounter won &#8220;Best International Film &#8221; at the Charlotte Black Film Festival. With a desire to explore themes such as identity, races, intergenerational gap all the while offering a different perspective on storytelling, she is currently developing different projects which include 2 feature-length documentaries.<\/span><\/p>\n<\/div>\n<p>[\/et_pb_toggle][\/et_pb_column][\/et_pb_row][\/et_pb_section]<\/p>\n","protected":false},"excerpt":{"rendered":"<p><div class=\"et_pb_row et_pb_row_0 et_pb_row_empty\">\n\t\t\t\t\n\t\t\t\t\n\t\t\t\t\n\t\t\t\t\n\t\t\t\t\n\t\t\t<\/div> PRESIDENT: Gavin SealGavin Seal is a bilingual Indian-Qu\u00e9b\u00e9cois Writers Guild of Canada prize-winning filmmaker on a mission to dissolve otherness through the universal language of cinema. His films have screened internationally at festivals including Fantasia, Hot Docs, Reelworld, and Just for Laughs. JURY MEMBERS: Marie-H\u00e9l\u00e8ne Cousineau &#8220;I&#8217;m a filmmaker and videographer with a long [&hellip;]<\/p>\n","protected":false},"author":19,"featured_media":0,"parent":0,"menu_order":0,"comment_status":"closed","ping_status":"closed","template":"","meta":{"_et_pb_use_builder":"on","_et_pb_old_content":"","_et_gb_content_width":"","footnotes":""},"class_list":["post-25398","page","type-page","status-publish","hentry"],"_links":{"self":[{"href":"https:\/\/montrealblackfilm.com\/en\/wp-json\/wp\/v2\/pages\/25398","targetHints":{"allow":["GET"]}}],"collection":[{"href":"https:\/\/montrealblackfilm.com\/en\/wp-json\/wp\/v2\/pages"}],"about":[{"href":"https:\/\/montrealblackfilm.com\/en\/wp-json\/wp\/v2\/types\/page"}],"author":[{"embeddable":true,"href":"https:\/\/montrealblackfilm.com\/en\/wp-json\/wp\/v2\/users\/19"}],"replies":[{"embeddable":true,"href":"https:\/\/montrealblackfilm.com\/en\/wp-json\/wp\/v2\/comments?post=25398"}],"version-history":[{"count":0,"href":"https:\/\/montrealblackfilm.com\/en\/wp-json\/wp\/v2\/pages\/25398\/revisions"}],"wp:attachment":[{"href":"https:\/\/montrealblackfilm.com\/en\/wp-json\/wp\/v2\/media?parent=25398"}],"curies":[{"name":"wp","href":"https:\/\/api.w.org\/{rel}","templated":true}]}}