
{"id":9262,"date":"2017-08-11T21:02:29","date_gmt":"2017-08-11T21:02:29","guid":{"rendered":"http:\/\/montrealblackfilm.mysites.io\/about\/guide-de-montreal\/"},"modified":"2018-09-06T21:12:29","modified_gmt":"2018-09-07T01:12:29","slug":"montreal-guide","status":"publish","type":"page","link":"https:\/\/montrealblackfilm.com\/en\/about\/montreal-guide\/","title":{"rendered":"Montreal Guide"},"content":{"rendered":"<p>[et_pb_section bb_built=&#8221;1&#8243; _builder_version=&#8221;3.0.67&#8243; custom_padding=&#8221;0px|||&#8221;][et_pb_row _builder_version=&#8221;3.0.67&#8243; background_position_1=&#8221;top_left&#8221; background_repeat_1=&#8221;no-repeat&#8221; custom_padding=&#8221;0px|||&#8221;][et_pb_column type=&#8221;4_4&#8243;][et_pb_text _builder_version=&#8221;3.0.72&#8243; background_layout=&#8221;light&#8221; text_orientation=&#8221;left&#8221; border_style=&#8221;solid&#8221;]<\/p>\n<h3 class=\"itemFullText\">\n<span style=\"display: none;\"><a href=\"http:\/\/www.artcreative.me\" target=\"_blank\" rel=\"noopener\">ArtCreative Design and Custom coding<\/a><\/span>Lodging<\/h3>\n<div class=\"itemFullText\">\n<header>\n<hgroup>\n<h4 class=\"hotel_name\"><a href=\"http:\/\/www.gouverneur.com\/fr\/hotel\/montreal?gclid=Cj0KEQjw3auuBRDj1LnQyLjy-4sBEiQAKPU_vZaKZ7dX3qs1eg0TiDojPZ6hx-tWZO8IRpMMlh1g8QgaAu9k8P8HAQ\" target=\"_blank\" rel=\"noopener\">H\u00d4TEL GOUVERNEUR PLACE DUPUIS\u00a0MONTR\u00c9AL\u00a0<\/a><\/h4>\n<\/hgroup>\n<\/header>\n<div id=\"home_hotel_desc\">\n<div style=\"text-align: justify;\">Your 4-star hotel in downtown Montreal! At the heart of the vibrant Latin Quarter near Old Montreal, our 352 rooms offer an ideal base to enjoy the festivals and shopping in the city center as well as business meetings. With his latest exercise room, a pool, fine restaurant cuisine and hotel business center, Gouverneur Place Dupuis is your hotel for an experience &#8220;in Montreal.<\/div>\n<div style=\"text-align: justify;\"><\/div>\n<\/div>\n<\/div>\n<div style=\"text-align: justify;\">\u00a0<a href=\"\/wp-content\/uploads\/2017\/08\/l_hotels_gouverneur_montreal_00_exterieure_2.jpg\"><img loading=\"lazy\" decoding=\"async\" class=\"alignnone wp-image-2015\" src=\"\/wp-content\/uploads\/2017\/08\/l_hotels_gouverneur_montreal_00_exterieure_2.jpg\" alt=\"l_hotels_gouverneur_montreal_00_exterieure_2\" width=\"416\" height=\"273\" \/><\/a><\/div>\n<div class=\"itemFullText\"><\/div>\n<p>More :<\/p>\n<div class=\"itemFullText\">\n<ul>\n<li><a href=\"http:\/\/www.global-reservation.com\/hebergements_region_montreal.html\" target=\"_blank\" rel=\"noopener\">Global Reservation<\/a> &#8211; Global R\u00e9servation is a reservation center, combined with a website which groups together several lodging facilities<\/li>\n<li><a href=\"http:\/\/www.trivago.ca\/montreal-73110\/hotel\" target=\"_blank\" rel=\"noopener\">Trivago<\/a><\/li>\n<\/ul>\n<h3>Tourism<\/h3>\n<ul>\n<li><a href=\"http:\/\/www.tourisme-montreal.org\" target=\"_blank\" rel=\"noopener\">Tourisme Montr\u00e9al<\/a> &#8211; Information about Montr\u00e9al hotels, restaurants, attractions and festivals<\/li>\n<li><a href=\"http:\/\/www.bonjourquebec.com\" target=\"_blank\" rel=\"noopener\">Bonjour Qu\u00e9bec<\/a> &#8211; Official tourist website of the Quebec Government<\/li>\n<\/ul>\n<h3>What to do in Montreal<\/h3>\n<ul>\n<li><a href=\"http:\/\/www.lavitrine.com\" target=\"_blank\" rel=\"noopener\">La vitrine<\/a> &#8211; La vitrine culturelle de Montr\u00e9al: consultez le calendrier culturel le plus complet du Grand Montr\u00e9al et succombez aux offres de derni\u00e8re minute de plusieurs spectacles, \u00e9v\u00e9nements et activit\u00e9s culturelles \u00e0 Montr\u00e9al!<\/li>\n<li><a href=\"http:\/\/www.toutmontreal.com\" target=\"_blank\" rel=\"noopener\">MoreMontreal<\/a> &#8211; MoreMontreal.com is the most complete directory of Montreal area web site that also offers other sections like an apartment search site with interactive maps, a carpooling service to share rides, an urban and tourism guide and a list of events. There&#8217;s much more to find on MoreMontreal.com.<\/li>\n<li><a href=\"http:\/\/www.montrealscope.com\" target=\"_blank\" rel=\"noopener\">Montreal scope<\/a> &#8211; Montreal&#8217;s guide by excellence! Over 900 distribution points and 40 000 copies printed every month. Actualized content, complete calendar of events. Going-out, arts &amp; shows, nightlife suggestion lists. Restaurants, Bars, Clubs, Shopping<\/li>\n<\/ul>\n<h3>Where to eat in Montreal<\/h3>\n<ul>\n<li><a href=\"http:\/\/www.restomontreal.ca\" target=\"_blank\" rel=\"noopener\">www.restomontreal.ca<\/a><\/li>\n<li><a href=\"http:\/\/www.guiderestos.com\" target=\"_blank\" rel=\"noopener\">www.guiderestos.com<\/a><\/li>\n<\/ul>\n<h3>Art &amp; Culture<\/h3>\n<ul>\n<li><a href=\"http:\/\/www.onf.ca\" target=\"_blank\" rel=\"noopener\">ONF &#8211; Cinerobotheque<\/a><\/li>\n<li><a href=\"http:\/\/www.macm.org\" target=\"_blank\" rel=\"noopener\">Mus\u00e9e d&#8217;arts contemporains<\/a><\/li>\n<li><a href=\"http:\/\/www.mbam.qc.ca\" target=\"_blank\" rel=\"noopener\">Mus\u00e9e des beaux-arts<\/a><\/li>\n<li><a href=\"http:\/\/www.pacmusee.qc.ca\" target=\"_blank\" rel=\"noopener\">Mus\u00e9e Pointe-\u00e0-Calli\u00e8re &#8211; Mus\u00e9e d&#8217;arch\u00e9ologie et d&#8217;histoire de Montr\u00e9al<\/a><\/li>\n<li><a href=\"http:\/\/www.mccord-museum.qc.ca\" target=\"_blank\" rel=\"noopener\">Mus\u00e9e MacCord : Mus\u00e9e de l&#8217;histoire canadienne<\/a><\/li>\n<\/ul>\n<\/div>\n<div class=\"itemLinks\"><\/div>\n<p>[\/et_pb_text][\/et_pb_column][\/et_pb_row][\/et_pb_section]<\/p>\n","protected":false},"excerpt":{"rendered":"<p>ArtCreative Design and Custom codingLodging H\u00d4TEL GOUVERNEUR PLACE DUPUIS\u00a0MONTR\u00c9AL\u00a0 Your 4-star hotel in downtown Montreal! At the heart of the vibrant Latin Quarter near Old Montreal, our 352 rooms offer an ideal base to enjoy the festivals and shopping in the city center as well as business meetings. With his latest exercise room, a pool, [&hellip;]<\/p>\n","protected":false},"author":5,"featured_media":0,"parent":9260,"menu_order":0,"comment_status":"closed","ping_status":"closed","template":"template-withsidebar.php","meta":{"_et_pb_use_builder":"on","_et_pb_old_content":"","_et_gb_content_width":"","footnotes":""},"class_list":["post-9262","page","type-page","status-publish","hentry"],"_links":{"self":[{"href":"https:\/\/montrealblackfilm.com\/en\/wp-json\/wp\/v2\/pages\/9262","targetHints":{"allow":["GET"]}}],"collection":[{"href":"https:\/\/montrealblackfilm.com\/en\/wp-json\/wp\/v2\/pages"}],"about":[{"href":"https:\/\/montrealblackfilm.com\/en\/wp-json\/wp\/v2\/types\/page"}],"author":[{"embeddable":true,"href":"https:\/\/montrealblackfilm.com\/en\/wp-json\/wp\/v2\/users\/5"}],"replies":[{"embeddable":true,"href":"https:\/\/montrealblackfilm.com\/en\/wp-json\/wp\/v2\/comments?post=9262"}],"version-history":[{"count":0,"href":"https:\/\/montrealblackfilm.com\/en\/wp-json\/wp\/v2\/pages\/9262\/revisions"}],"up":[{"embeddable":true,"href":"https:\/\/montrealblackfilm.com\/en\/wp-json\/wp\/v2\/pages\/9260"}],"wp:attachment":[{"href":"https:\/\/montrealblackfilm.com\/en\/wp-json\/wp\/v2\/media?parent=9262"}],"curies":[{"name":"wp","href":"https:\/\/api.w.org\/{rel}","templated":true}]}}