
{"id":9397,"date":"2017-08-11T21:08:59","date_gmt":"2017-08-11T21:08:59","guid":{"rendered":"http:\/\/montrealblackfilm.mysites.io\/get-involved\/devenez-benevole\/"},"modified":"2019-09-05T04:11:12","modified_gmt":"2019-09-05T08:11:12","slug":"become-a-volunteer","status":"publish","type":"page","link":"https:\/\/montrealblackfilm.com\/en\/get-involved\/become-a-volunteer\/","title":{"rendered":"BECOME A VOLUNTEER"},"content":{"rendered":"<p>[et_pb_section bb_built=&#8221;1&#8243;][et_pb_row][et_pb_column type=&#8221;4_4&#8243;][et_pb_text _builder_version=&#8221;3.14&#8243;]<\/p>\n<p>JOIN THE FIFBM TEAM!<\/p>\n<p>Do you want to gain experience in an international cultural event that highlights diversity?<\/p>\n<p>Do you want to share your skills, your work, and your spirit?<\/p>\n<p>You are resourceful, kind, dedicated, you love people and the work does not scare you? You are all this at once?<\/p>\n<p>We are looking for volunteers with or without a car, bilingual or not, for the FIFBM &#8211;<\/p>\n<p>Please fill in the following form\u00a0: <a href=\"https:\/\/forms.gle\/fDAxMc9o1iyVkV2LA\" target=\"_blank\" rel=\"noopener\">VOLUNTEERS FORM<\/a><\/p>\n<p>[\/et_pb_text][\/et_pb_column][\/et_pb_row][\/et_pb_section]<\/p>\n","protected":false},"excerpt":{"rendered":"<p><div class=\"et_pb_row et_pb_row_0 et_pb_row_empty\">\n\t\t\t\t\n\t\t\t\t\n\t\t\t\t\n\t\t\t\t\n\t\t\t\t\n\t\t\t<\/div> JOIN THE FIFBM TEAM! Do you want to gain experience in an international cultural event that highlights diversity? Do you want to share your skills, your work, and your spirit? You are resourceful, kind, dedicated, you love people and the work does not scare you? You are all this at once? We are looking [&hellip;]<\/p>\n","protected":false},"author":5,"featured_media":9139,"parent":10535,"menu_order":0,"comment_status":"closed","ping_status":"closed","template":"template-withsidebar.php","meta":{"_et_pb_use_builder":"on","_et_pb_old_content":"<p>JOIGNEZ- VOUS \u00c0 L'\u00c9QUIPE du FIFBM !<\/p><p>Vous voulez acqu\u00e9rir de l'exp\u00e9rience dans \u00e9v\u00e9nement un culturel international qui met en avant la diversit\u00e9?<\/p><p>Vous souhaitez partager vos comp\u00e9tences, votre travail , et votre esprit ?<\/p><p>Vous \u00eates d\u00e9brouillard, aimable, d\u00e9vou\u00e9, vous aimez les gens et le travail ne vous fait pas peur? Vous \u00eates tout cela \u00e0 la fois?<\/p><p>Nous recherchons des b\u00e9n\u00e9voles avec ou sans voiture, bilingues ou non, pour le FIFBM \u00a0-<\/p><p>Envoyez-nous un mail \u00e0 <a href=\"mailto:volunteers@montrealblackfilm.com\">volunteers@montrealblackfilm.com\u00a0<\/a><\/p>","_et_gb_content_width":"","footnotes":""},"class_list":["post-9397","page","type-page","status-publish","has-post-thumbnail","hentry"],"_links":{"self":[{"href":"https:\/\/montrealblackfilm.com\/en\/wp-json\/wp\/v2\/pages\/9397","targetHints":{"allow":["GET"]}}],"collection":[{"href":"https:\/\/montrealblackfilm.com\/en\/wp-json\/wp\/v2\/pages"}],"about":[{"href":"https:\/\/montrealblackfilm.com\/en\/wp-json\/wp\/v2\/types\/page"}],"author":[{"embeddable":true,"href":"https:\/\/montrealblackfilm.com\/en\/wp-json\/wp\/v2\/users\/5"}],"replies":[{"embeddable":true,"href":"https:\/\/montrealblackfilm.com\/en\/wp-json\/wp\/v2\/comments?post=9397"}],"version-history":[{"count":0,"href":"https:\/\/montrealblackfilm.com\/en\/wp-json\/wp\/v2\/pages\/9397\/revisions"}],"up":[{"embeddable":true,"href":"https:\/\/montrealblackfilm.com\/en\/wp-json\/wp\/v2\/pages\/10535"}],"wp:featuredmedia":[{"embeddable":true,"href":"https:\/\/montrealblackfilm.com\/en\/wp-json\/wp\/v2\/media\/9139"}],"wp:attachment":[{"href":"https:\/\/montrealblackfilm.com\/en\/wp-json\/wp\/v2\/media?parent=9397"}],"curies":[{"name":"wp","href":"https:\/\/api.w.org\/{rel}","templated":true}]}}