
{"id":9421,"date":"2017-08-11T21:21:37","date_gmt":"2017-08-11T21:21:37","guid":{"rendered":"http:\/\/montrealblackfilm.mysites.io\/press\/conference-de-presse\/"},"modified":"2019-08-22T06:09:47","modified_gmt":"2019-08-22T10:09:47","slug":"press-conference","status":"publish","type":"page","link":"https:\/\/montrealblackfilm.com\/en\/press\/press-conference\/","title":{"rendered":"Press conference"},"content":{"rendered":"<p>[et_pb_section bb_built=&#8221;1&#8243;][et_pb_row][et_pb_column type=&#8221;4_4&#8243;][et_pb_text _builder_version=&#8221;3.14&#8243;]<\/p>\n<p style=\"text-align: center;\">You are cordially invited to the\u00a0<strong>PRESS CONFERENCE<\/strong>\u00a0announcing the line-up for the<br \/>\n<strong>15th Montreal International Black Film Festival (MIBFF)<\/strong><\/p>\n<p style=\"text-align: center;\"><strong>THURSDAY, AUGUST 29, 2019 \u2013 10:30AM<\/strong><br \/>\n<strong>Cinemath\u00e8que: 335, Maisonneuve E. blvd, Montreal<\/strong><\/p>\n<p style=\"text-align: center;\">Also to be unveiled, the 2019 spokespeople, celebrity guests and panelists.<br \/>\nThere will be opportunities for interviews and photos after the announcements.<br \/>\nRefreshments will be served.<\/p>\n<p style=\"text-align: center;\">RSVP:\u00a0<a href=\"mailto:press@montrealblackfilm.com\">press@montrealblackfilm.com<\/a><\/p>\n<p style=\"text-align: center;\"><strong>MontrealBlackFilm.com | #MIBFF19<\/strong><\/p>\n<p>[\/et_pb_text][\/et_pb_column][\/et_pb_row][\/et_pb_section]<\/p>\n","protected":false},"excerpt":{"rendered":"<p><div class=\"et_pb_row et_pb_row_0 et_pb_row_empty\">\n\t\t\t\t\n\t\t\t\t\n\t\t\t\t\n\t\t\t\t\n\t\t\t\t\n\t\t\t<\/div> You are cordially invited to the\u00a0PRESS CONFERENCE\u00a0announcing the line-up for the 15th Montreal International Black Film Festival (MIBFF) THURSDAY, AUGUST 29, 2019 \u2013 10:30AM Cinemath\u00e8que: 335, Maisonneuve E. blvd, Montreal Also to be unveiled, the 2019 spokespeople, celebrity guests and panelists. There will be opportunities for interviews and photos after the announcements. Refreshments will [&hellip;]<\/p>\n","protected":false},"author":5,"featured_media":0,"parent":9416,"menu_order":0,"comment_status":"closed","ping_status":"closed","template":"template-withsidebar.php","meta":{"_et_pb_use_builder":"on","_et_pb_old_content":"<h1 class=\"entry-title single-title\" style=\"text-align: center;\">PROCHAINE PROGRAMMATION #FIFBM17<\/h1>\r\n<p class=\"gmail-p3\" style=\"text-align: center;\">Vous \u00eates cordialement invit\u00e9s au d\u00e9voilement de la 13e \u00e9dition du Festival International du film Black de Montr\u00e9al (FIFBM)<\/p>\r\n<p class=\"gmail-p1\" style=\"text-align: center;\"><b>Jeudi 7\u00a0Septembre a 14h<\/b><\/p>\r\n<p class=\"gmail-p2\" style=\"text-align: center;\"><b>live on \u00a0:\u00a0<a href=\"http:\/\/www.facebook.com\/Blackfilmfestival\">www.facebook.com\/Blackfilmfestival<\/a><\/b><\/p>\r\n<p class=\"gmail-p4\" style=\"text-align: center;\">MontrealBlackFilm.com #FIFBM17<\/p>\r\n<p class=\"gmail-p1\" style=\"text-align: center;\">en plus de l\u2019annonce de la s\u00e9lection des films de cette ann\u00e9e, seront pr\u00e9sent\u00e9s :\u00a0<strong>le (la) porte-parole de cette 13e \u00e9dition, les membres du jury, les r\u00e9cipendaires des prix honorifiques et les \u00e9v\u00e9nements sp\u00e9ciaux entourant le Festival.<\/strong><\/p>\r\nDanny Payne (Relationniste anglo)\r\n<a href=\"http:\/\/raisondetremedia.ca\/\">http:\/\/raisondetremedia.ca<\/a>\u00a0\/\u00a0<a href=\"mailto:danny@raisondetremedia.ca\">danny@raisondetremedia.ca<\/a>\r\n\r\nFadwa Lapierre (Contact franco)\r\n<a href=\"mailto:fadwa@montrealbalckfilm.com\">fadwa@montrealbalckfilm.com<\/a>","_et_gb_content_width":"","footnotes":""},"class_list":["post-9421","page","type-page","status-publish","hentry"],"_links":{"self":[{"href":"https:\/\/montrealblackfilm.com\/en\/wp-json\/wp\/v2\/pages\/9421","targetHints":{"allow":["GET"]}}],"collection":[{"href":"https:\/\/montrealblackfilm.com\/en\/wp-json\/wp\/v2\/pages"}],"about":[{"href":"https:\/\/montrealblackfilm.com\/en\/wp-json\/wp\/v2\/types\/page"}],"author":[{"embeddable":true,"href":"https:\/\/montrealblackfilm.com\/en\/wp-json\/wp\/v2\/users\/5"}],"replies":[{"embeddable":true,"href":"https:\/\/montrealblackfilm.com\/en\/wp-json\/wp\/v2\/comments?post=9421"}],"version-history":[{"count":0,"href":"https:\/\/montrealblackfilm.com\/en\/wp-json\/wp\/v2\/pages\/9421\/revisions"}],"up":[{"embeddable":true,"href":"https:\/\/montrealblackfilm.com\/en\/wp-json\/wp\/v2\/pages\/9416"}],"wp:attachment":[{"href":"https:\/\/montrealblackfilm.com\/en\/wp-json\/wp\/v2\/media?parent=9421"}],"curies":[{"name":"wp","href":"https:\/\/api.w.org\/{rel}","templated":true}]}}