
{"id":9430,"date":"2017-08-11T21:16:16","date_gmt":"2017-08-11T21:16:16","guid":{"rendered":"http:\/\/montrealblackfilm.mysites.io\/press\/saccrediter\/"},"modified":"2025-08-21T07:10:21","modified_gmt":"2025-08-21T11:10:21","slug":"accreditation","status":"publish","type":"page","link":"https:\/\/montrealblackfilm.com\/en\/press\/accreditation\/","title":{"rendered":"Accreditation"},"content":{"rendered":"<p>[et_pb_section bb_built=&#8221;1&#8243; inner_width=&#8221;auto&#8221; inner_max_width=&#8221;1160px&#8221;][et_pb_row][et_pb_column type=&#8221;4_4&#8243; custom_padding__hover=&#8221;|||&#8221; custom_padding=&#8221;|||&#8221;][et_pb_text _builder_version=&#8221;4.27.0&#8243; background_pattern_color=&#8221;rgba(0,0,0,0.2)&#8221; background_mask_color=&#8221;#ffffff&#8221; text_text_shadow_horizontal_length=&#8221;text_text_shadow_style,%91object Object%93&#8243; text_text_shadow_horizontal_length_tablet=&#8221;0px&#8221; text_text_shadow_vertical_length=&#8221;text_text_shadow_style,%91object Object%93&#8243; text_text_shadow_vertical_length_tablet=&#8221;0px&#8221; text_text_shadow_blur_strength=&#8221;text_text_shadow_style,%91object Object%93&#8243; text_text_shadow_blur_strength_tablet=&#8221;1px&#8221; link_text_shadow_horizontal_length=&#8221;link_text_shadow_style,%91object Object%93&#8243; link_text_shadow_horizontal_length_tablet=&#8221;0px&#8221; link_text_shadow_vertical_length=&#8221;link_text_shadow_style,%91object Object%93&#8243; link_text_shadow_vertical_length_tablet=&#8221;0px&#8221; link_text_shadow_blur_strength=&#8221;link_text_shadow_style,%91object Object%93&#8243; link_text_shadow_blur_strength_tablet=&#8221;1px&#8221; ul_text_shadow_horizontal_length=&#8221;ul_text_shadow_style,%91object Object%93&#8243; ul_text_shadow_horizontal_length_tablet=&#8221;0px&#8221; ul_text_shadow_vertical_length=&#8221;ul_text_shadow_style,%91object Object%93&#8243; ul_text_shadow_vertical_length_tablet=&#8221;0px&#8221; ul_text_shadow_blur_strength=&#8221;ul_text_shadow_style,%91object Object%93&#8243; ul_text_shadow_blur_strength_tablet=&#8221;1px&#8221; ol_text_shadow_horizontal_length=&#8221;ol_text_shadow_style,%91object Object%93&#8243; ol_text_shadow_horizontal_length_tablet=&#8221;0px&#8221; ol_text_shadow_vertical_length=&#8221;ol_text_shadow_style,%91object Object%93&#8243; ol_text_shadow_vertical_length_tablet=&#8221;0px&#8221; ol_text_shadow_blur_strength=&#8221;ol_text_shadow_style,%91object Object%93&#8243; ol_text_shadow_blur_strength_tablet=&#8221;1px&#8221; quote_text_shadow_horizontal_length=&#8221;quote_text_shadow_style,%91object Object%93&#8243; quote_text_shadow_horizontal_length_tablet=&#8221;0px&#8221; quote_text_shadow_vertical_length=&#8221;quote_text_shadow_style,%91object Object%93&#8243; quote_text_shadow_vertical_length_tablet=&#8221;0px&#8221; quote_text_shadow_blur_strength=&#8221;quote_text_shadow_style,%91object Object%93&#8243; quote_text_shadow_blur_strength_tablet=&#8221;1px&#8221; header_text_shadow_horizontal_length=&#8221;header_text_shadow_style,%91object Object%93&#8243; header_text_shadow_horizontal_length_tablet=&#8221;0px&#8221; header_text_shadow_vertical_length=&#8221;header_text_shadow_style,%91object Object%93&#8243; header_text_shadow_vertical_length_tablet=&#8221;0px&#8221; header_text_shadow_blur_strength=&#8221;header_text_shadow_style,%91object Object%93&#8243; header_text_shadow_blur_strength_tablet=&#8221;1px&#8221; header_2_text_shadow_horizontal_length=&#8221;header_2_text_shadow_style,%91object Object%93&#8243; header_2_text_shadow_horizontal_length_tablet=&#8221;0px&#8221; header_2_text_shadow_vertical_length=&#8221;header_2_text_shadow_style,%91object Object%93&#8243; header_2_text_shadow_vertical_length_tablet=&#8221;0px&#8221; header_2_text_shadow_blur_strength=&#8221;header_2_text_shadow_style,%91object Object%93&#8243; header_2_text_shadow_blur_strength_tablet=&#8221;1px&#8221; header_3_text_shadow_horizontal_length=&#8221;header_3_text_shadow_style,%91object Object%93&#8243; header_3_text_shadow_horizontal_length_tablet=&#8221;0px&#8221; header_3_text_shadow_vertical_length=&#8221;header_3_text_shadow_style,%91object Object%93&#8243; header_3_text_shadow_vertical_length_tablet=&#8221;0px&#8221; header_3_text_shadow_blur_strength=&#8221;header_3_text_shadow_style,%91object Object%93&#8243; header_3_text_shadow_blur_strength_tablet=&#8221;1px&#8221; header_4_text_shadow_horizontal_length=&#8221;header_4_text_shadow_style,%91object Object%93&#8243; header_4_text_shadow_horizontal_length_tablet=&#8221;0px&#8221; header_4_text_shadow_vertical_length=&#8221;header_4_text_shadow_style,%91object Object%93&#8243; header_4_text_shadow_vertical_length_tablet=&#8221;0px&#8221; header_4_text_shadow_blur_strength=&#8221;header_4_text_shadow_style,%91object Object%93&#8243; header_4_text_shadow_blur_strength_tablet=&#8221;1px&#8221; header_5_text_shadow_horizontal_length=&#8221;header_5_text_shadow_style,%91object Object%93&#8243; header_5_text_shadow_horizontal_length_tablet=&#8221;0px&#8221; header_5_text_shadow_vertical_length=&#8221;header_5_text_shadow_style,%91object Object%93&#8243; header_5_text_shadow_vertical_length_tablet=&#8221;0px&#8221; header_5_text_shadow_blur_strength=&#8221;header_5_text_shadow_style,%91object Object%93&#8243; header_5_text_shadow_blur_strength_tablet=&#8221;1px&#8221; header_6_text_shadow_horizontal_length=&#8221;header_6_text_shadow_style,%91object Object%93&#8243; header_6_text_shadow_horizontal_length_tablet=&#8221;0px&#8221; header_6_text_shadow_vertical_length=&#8221;header_6_text_shadow_style,%91object Object%93&#8243; header_6_text_shadow_vertical_length_tablet=&#8221;0px&#8221; header_6_text_shadow_blur_strength=&#8221;header_6_text_shadow_style,%91object Object%93&#8243; header_6_text_shadow_blur_strength_tablet=&#8221;1px&#8221; box_shadow_horizontal_tablet=&#8221;0px&#8221; box_shadow_vertical_tablet=&#8221;0px&#8221; box_shadow_blur_tablet=&#8221;40px&#8221; box_shadow_spread_tablet=&#8221;0px&#8221; vertical_offset_tablet=&#8221;0&#8243; horizontal_offset_tablet=&#8221;0&#8243; z_index_tablet=&#8221;0&#8243;]<\/p>\n<p>We will be happy to welcome you to the next edition of the MIBFF. The accreditation card is granted to critics, photo-reporters and journalists covering film on a regular basis.<\/p>\n<p>On this website please find more info on the Festival including press releases, press kits on films, the schedule for press screenings before and after the Festival, press conferences and round tables&#8230;<\/p>\n<p>Our press department can help you arrange interviews with the Festival production team, programmers, spokesperson, directors, producers, honorary guests&#8230; We will do our best to accommodate all requests whenever it&#8217;s possible. In order to meet press deadlines, please send us your request as long in advance as you possibly can.<\/p>\n<h3>ACCREDITATION<\/h3>\n<p>Media professionals: For further information on the Montreal International Black Film Festival, please contact:<\/p>\n<p><strong>Marilyne Levesque (M\u00e9dias sp\u00e9cialis\u00e9s et communautaires)<\/strong><br \/>\n<a href=\"mailto:mlevesque@marellecommunications.com\">mlevesque@marellecommunications.com<\/a><\/p>\n<p>[\/et_pb_text][\/et_pb_column][\/et_pb_row][\/et_pb_section]<\/p>\n","protected":false},"excerpt":{"rendered":"<p><div class=\"et_pb_row et_pb_row_0 et_pb_row_empty\">\n\t\t\t\t\n\t\t\t\t\n\t\t\t\t\n\t\t\t\t\n\t\t\t\t\n\t\t\t<\/div> We will be happy to welcome you to the next edition of the MIBFF. The accreditation card is granted to critics, photo-reporters and journalists covering film on a regular basis. On this website please find more info on the Festival including press releases, press kits on films, the schedule for press screenings before and [&hellip;]<\/p>\n","protected":false},"author":5,"featured_media":0,"parent":9416,"menu_order":0,"comment_status":"closed","ping_status":"closed","template":"template-withsidebar.php","meta":{"_et_pb_use_builder":"on","_et_pb_old_content":"<header class=\"article-header\">\r\n<h1 class=\"page-title\"><\/h1>\r\n<\/header><section class=\"entry-content clearfix\">Nous serons ravis de vous accueillir \u00e0 la prochaine \u00e9dition du FIFBM. L\u2019accr\u00e9ditation est accord\u00e9e uniquement aux journalistes (critiques, chroniqueurs, reporters photographes) qui couvrent r\u00e9guli\u00e8rement le cin\u00e9ma.Vous trouverez sur le site plus d\u2019infos sur le Festival incluant des communiqu\u00e9s, dossiers de presse sur les films, horaire des visionnements de presse avant et pendant le festival, horaire des conf\u00e9rences de presse et tables rondes\u2026\r\n<div class=\"panel panel--perma panel--chat push--top\"><article id=\"recording_85150723\" class=\"chat chat--perma recordable drop_zoned app-mobile__no-top-padding app-mobile__no-shadow chat--full-screen\" data-behavior=\"drop_zone_container\" data-url=\"\/3124772\/buckets\/599055\/chats\/85150723\" data-readable-identifier=\"Z2lkOi8vYmMzL1JlY29yZGluZy84NTE1MDcyMw\" data-creator-id=\"505310\" data-recording-id=\"85150723\"><article id=\"recording_225308858\" class=\"chat-line chat-line--thread\" data-behavior=\"chat_line\" data-url=\"\/3124772\/buckets\/599055\/chats\/85150723\/lines\/225308858\" data-readable-identifier=\"Z2lkOi8vYmMzL1JlY29yZGluZy8yMjUzMDg4NTg\" data-creator-id=\"530795\" data-recording-id=\"225308858\" data-datetime=\"2016-09-12T22:17:34Z\" data-uuid=\"a46a2c8b-1593-43e4-bbdc-9ccad5a34c8f\" data-formatted=\"\">\r\n<div class=\"chat-line__bubble\"><span class=\"chat-line__body\">Notre d\u00e9partement de Presse peut vous aider \u00e0 arranger des entrevues avec les organisateurs du Festival, les programmateurs, les porte-paroles, les r\u00e9alisateurs, producteurs, invit\u00e9s d\u2019honneur etc\u2026 Nous ferons de notre mieux pour satisfaire toutes les demandes. Nous vous demandons de nous contacter aussit\u00f4t que possible afin de nous permettre de g\u00e9rer toutes les demandes de fa\u00e7on efficace.<\/span><\/div>\r\n<\/article><\/article><\/div>\r\n<h3>ACCR\u00c9DITATION<\/h3>\r\n<a href=\"https:\/\/montrealblackfilm.com\/wp-content\/uploads\/2014\/08\/formulaires_accreditation_medias_2017.pdf\" target=\"_blank\" rel=\"noopener noreferrer\">Press Accreditation Form (PDF)<\/a>\r\n\r\nSi vous \u00eates un professionnel travaillant pour un m\u00e9dia et que vous d\u00e9sirez obtenir de plus amples informations sur le FIFBM, veuillez contacter :\r\n\r\n<strong>Fadwa Lapierre<\/strong>\r\nAttach\u00e9e de presse (m\u00e9dias francophones)\r\nCourriel :\u00a0<a href=\"mailto:fadwa@montrealblackfilm.com\">fadwa@montrealblackfilm.com<\/a>\r\nT\u00e9l. (514) 884-9545\r\n\r\n<strong>Danny Payne<\/strong>\r\nAttach\u00e9 de presse (m\u00e9dias anglophones)\r\nCourriel :\u00a0<a href=\"mailto:danny@montrealblackfilm.com\" target=\"_blank\" rel=\"noopener noreferrer\">danny@montrealblackfilm.com<\/a>\r\nT\u00e9l. (514) 621-8657\r\n\r\n<\/section>","_et_gb_content_width":"","footnotes":""},"class_list":["post-9430","page","type-page","status-publish","hentry"],"_links":{"self":[{"href":"https:\/\/montrealblackfilm.com\/en\/wp-json\/wp\/v2\/pages\/9430","targetHints":{"allow":["GET"]}}],"collection":[{"href":"https:\/\/montrealblackfilm.com\/en\/wp-json\/wp\/v2\/pages"}],"about":[{"href":"https:\/\/montrealblackfilm.com\/en\/wp-json\/wp\/v2\/types\/page"}],"author":[{"embeddable":true,"href":"https:\/\/montrealblackfilm.com\/en\/wp-json\/wp\/v2\/users\/5"}],"replies":[{"embeddable":true,"href":"https:\/\/montrealblackfilm.com\/en\/wp-json\/wp\/v2\/comments?post=9430"}],"version-history":[{"count":0,"href":"https:\/\/montrealblackfilm.com\/en\/wp-json\/wp\/v2\/pages\/9430\/revisions"}],"up":[{"embeddable":true,"href":"https:\/\/montrealblackfilm.com\/en\/wp-json\/wp\/v2\/pages\/9416"}],"wp:attachment":[{"href":"https:\/\/montrealblackfilm.com\/en\/wp-json\/wp\/v2\/media?parent=9430"}],"curies":[{"name":"wp","href":"https:\/\/api.w.org\/{rel}","templated":true}]}}